{"id":2956,"date":"2023-04-02T18:28:49","date_gmt":"2023-04-02T16:28:49","guid":{"rendered":"https:\/\/modowoo.com\/?post_type=product&#038;p=2956"},"modified":"2025-08-01T16:16:56","modified_gmt":"2025-08-01T14:16:56","slug":"garnitur-3-czesciowy-top-spodnie-marynarka","status":"publish","type":"product","link":"https:\/\/modowoo.com\/en\/product\/garnitur-3-czesciowy-top-spodnie-marynarka\/","title":{"rendered":"Garnitur 3-Cz\u0119\u015bciowy Top, Spodnie, Marynarka"},"content":{"rendered":"<div>*Produkt Polski<\/div>\n<div>*Zestaw Marynarka Plus Spodnie Plus Top<\/div>\n<div>*Sk\u0142ad materia\u0142u\u00a0 95% Bawe\u0142na 5% Elastan<\/div>\n<div><strong>Wymiary Spodnie XS\/S\u00a0<\/strong><\/div>\n<div>Pas na p\u0142asko 30 cm naci\u0105gn\u0105 si\u0119 do 46 cm x2<\/div>\n<div>Biodra na p\u0142asko\u00a0 43\u00a0 cm x2<\/div>\n<div>D\u0142ugo\u015b\u0107 ca\u0142kowita 95\u00a0 cm<\/div>\n<div>D\u0142ugo\u015b\u0107 nogawki od kroku 68 cm<\/div>\n<div><strong>Wymiary Marynarka Xs\/S\u00a0<\/strong><\/div>\n<div>Biust na p\u0142asko\u00a0 48 cm x2<\/div>\n<div>D\u0142ugo\u015b\u0107 ca\u0142kowita 63\u00a0 cm<\/div>\n<div>D\u0142ugo\u015b\u0107 r\u0119kawa od pachy 48\u00a0 cm<\/div>\n<div><strong>Wymiary Top XS\/S\u00a0<\/strong><\/div>\n<div>\u00a0Biust na p\u0142akso 35 cm\u00a0 x2<\/div>\n<div>D\u0142ugo\u015b\u0107 ca\u0142kowita 45 cm<\/div>\n<div>\n<div><strong>Wymiary Spodnie M\/L<\/strong><\/div>\n<div>Pas na p\u0142asko 35 cm naci\u0105gn\u0105 si\u0119 do 55 cm x2<\/div>\n<div>Biodra na p\u0142asko\u00a0 48\u00a0 cm x2<\/div>\n<div>D\u0142ugo\u015b\u0107 ca\u0142kowita 95\u00a0 cm<\/div>\n<div>D\u0142ugo\u015b\u0107 nogawki od kroku 68 cm<\/div>\n<div><strong>Wymiary Marynarka M\/L<\/strong><\/div>\n<div>Biust na p\u0142asko\u00a0 55cm x2<\/div>\n<div>D\u0142ugo\u015b\u0107 ca\u0142kowita 64\u00a0 cm<\/div>\n<div>D\u0142ugo\u015b\u0107 r\u0119kawa od pachy 48\u00a0 cm<\/div>\n<div><strong>Wymiary Top M\/L<\/strong><\/div>\n<div>\u00a0Biust na p\u0142akso 39cm\u00a0 x2<\/div>\n<div>D\u0142ugo\u015b\u0107 ca\u0142kowita 45 cm<\/div>\n<div>Modelka prezentuje na sobie XS\/S<\/div>\n<div><\/div>\n<\/div>","protected":false},"excerpt":{"rendered":"<p><img decoding=\"async\" class=\"alignnone wp-image-635\" src=\"https:\/\/modowoo.com\/wp-content\/uploads\/2023\/01\/LogoMakr-1abwpF.png\" alt=\"\" width=\"62\" height=\"48\" \/> <strong>Darmowa dostawa<\/strong> od 289 z\u0142<\/p>\n<p><strong style=\"font-size: 16px; font-style: normal;\"><img decoding=\"async\" class=\"alignnone wp-image-637\" src=\"https:\/\/modowoo.com\/wp-content\/uploads\/2023\/01\/LogoMakr-6bAiOX.png\" alt=\"\" width=\"61\" height=\"51\" \/> Szybka wysy\u0142ka <\/strong>1-2 dni<\/p>\n<p><strong style=\"font-size: 16px; font-style: normal;\"><img decoding=\"async\" class=\"alignnone wp-image-646\" src=\"https:\/\/modowoo.com\/wp-content\/uploads\/2023\/01\/LogoMakr-0f4xnw.png\" alt=\"\" width=\"63\" height=\"54\" \/><\/strong><strong style=\"font-size: 16px;\">Mo\u017cliwo\u015b\u0107 p\u0142atno\u015bci odroczonej<\/strong><span style=\"font-size: 16px;\"> kup teraz zap\u0142a\u0107 p\u00f3\u017aniej<\/span><\/p>","protected":false},"featured_media":2941,"template":"","meta":{"_crdt_document":"","site-sidebar-layout":"default","site-content-layout":"default","ast-site-content-layout":"","site-content-style":"default","site-sidebar-style":"default","ast-global-header-display":"","ast-banner-title-visibility":"","ast-main-header-display":"","ast-hfb-above-header-display":"","ast-hfb-below-header-display":"","ast-hfb-mobile-header-display":"","site-post-title":"","ast-breadcrumbs-content":"","ast-featured-img":"","footer-sml-layout":"","theme-transparent-header-meta":"default","adv-header-id-meta":"","stick-header-meta":"","header-above-stick-meta":"","header-main-stick-meta":"","header-below-stick-meta":"","astra-migrate-meta-layouts":"default","ast-page-background-enabled":"default","ast-page-background-meta":{"desktop":{"background-color":"var(--ast-global-color-4)","background-image":"","background-repeat":"repeat","background-position":"center center","background-size":"auto","background-attachment":"scroll","background-type":"","background-media":"","overlay-type":"","overlay-color":"","overlay-gradient":""},"tablet":{"background-color":"","background-image":"","background-repeat":"repeat","background-position":"center center","background-size":"auto","background-attachment":"scroll","background-type":"","background-media":"","overlay-type":"","overlay-color":"","overlay-gradient":""},"mobile":{"background-color":"","background-image":"","background-repeat":"repeat","background-position":"center center","background-size":"auto","background-attachment":"scroll","background-type":"","background-media":"","overlay-type":"","overlay-color":"","overlay-gradient":""}},"ast-content-background-meta":{"desktop":{"background-color":"var(--ast-global-color-5)","background-image":"","background-repeat":"repeat","background-position":"center center","background-size":"auto","background-attachment":"scroll","background-type":"","background-media":"","overlay-type":"","overlay-color":"","overlay-gradient":""},"tablet":{"background-color":"var(--ast-global-color-5)","background-image":"","background-repeat":"repeat","background-position":"center center","background-size":"auto","background-attachment":"scroll","background-type":"","background-media":"","overlay-type":"","overlay-color":"","overlay-gradient":""},"mobile":{"background-color":"var(--ast-global-color-5)","background-image":"","background-repeat":"repeat","background-position":"center center","background-size":"auto","background-attachment":"scroll","background-type":"","background-media":"","overlay-type":"","overlay-color":"","overlay-gradient":""}},"advanced_seo_description":"","jetpack_seo_html_title":"","jetpack_seo_noindex":false,"jetpack_publicize_message":"","jetpack_publicize_feature_enabled":true,"jetpack_social_post_already_shared":true,"jetpack_social_options":{"image_generator_settings":{"template":"highway","default_image_id":0,"font":"","enabled":false},"version":2},"_wpas_customize_per_network":false},"product_brand":[],"product_cat":[14842,14839],"product_tag":[],"class_list":{"0":"post-2956","1":"product","2":"type-product","3":"status-publish","4":"has-post-thumbnail","6":"product_cat-garnitury","7":"product_cat-marynarki","8":"desktop-align-center","9":"tablet-align-left","10":"mobile-align-left","12":"first","13":"instock","14":"shipping-taxable","15":"purchasable","16":"product-type-variable"},"jetpack_publicize_connections":[],"jetpack_likes_enabled":true,"jetpack_sharing_enabled":true,"jetpack-related-posts":[{"id":15206,"url":"https:\/\/modowoo.com\/en\/product\/marynarka-spodnie-turkus\/","url_meta":{"origin":2956,"position":0},"title":"Marynarka \/Spodnie Turkus","author":"paula1993ck","date":"6 April 2025","format":false,"excerpt":"Rozmiar: Uniwersalny\u00a0 Darmowa dostawa od 299 z\u0142 Szybka wysy\u0142ka 1-2 dni Mo\u017cliwo\u015b\u0107 p\u0142atno\u015bci odroczonej kup teraz zap\u0142a\u0107 p\u00f3\u017aniej","rel":"","context":"Similar post","block_context":{"text":"Similar post","link":""},"img":{"alt_text":"","src":"https:\/\/i0.wp.com\/modowoo.com\/wp-content\/uploads\/2025\/04\/IMG_9200.jpg?fit=781%2C1200&ssl=1&resize=350%2C200","width":350,"height":200,"srcset":"https:\/\/i0.wp.com\/modowoo.com\/wp-content\/uploads\/2025\/04\/IMG_9200.jpg?fit=781%2C1200&ssl=1&resize=350%2C200 1x, https:\/\/i0.wp.com\/modowoo.com\/wp-content\/uploads\/2025\/04\/IMG_9200.jpg?fit=781%2C1200&ssl=1&resize=525%2C300 1.5x, https:\/\/i0.wp.com\/modowoo.com\/wp-content\/uploads\/2025\/04\/IMG_9200.jpg?fit=781%2C1200&ssl=1&resize=700%2C400 2x"},"classes":[]},{"id":14442,"url":"https:\/\/modowoo.com\/en\/product\/spodnie-jeans-2\/","url_meta":{"origin":2956,"position":1},"title":"Spodnie Jeans","author":"paula1993ck","date":"13 January 2025","format":false,"excerpt":"\u00a0 Darmowa dostawa od 299 z\u0142 Szybka wysy\u0142ka 1-3 dni Mo\u017cliwo\u015b\u0107 p\u0142atno\u015bci odroczonej kup teraz zap\u0142a\u0107 p\u00f3\u017aniej","rel":"","context":"Similar post","block_context":{"text":"Similar post","link":""},"img":{"alt_text":"","src":"https:\/\/i0.wp.com\/modowoo.com\/wp-content\/uploads\/2025\/01\/IMG_0460.jpg?fit=757%2C1200&ssl=1&resize=350%2C200","width":350,"height":200,"srcset":"https:\/\/i0.wp.com\/modowoo.com\/wp-content\/uploads\/2025\/01\/IMG_0460.jpg?fit=757%2C1200&ssl=1&resize=350%2C200 1x, https:\/\/i0.wp.com\/modowoo.com\/wp-content\/uploads\/2025\/01\/IMG_0460.jpg?fit=757%2C1200&ssl=1&resize=525%2C300 1.5x, https:\/\/i0.wp.com\/modowoo.com\/wp-content\/uploads\/2025\/01\/IMG_0460.jpg?fit=757%2C1200&ssl=1&resize=700%2C400 2x"},"classes":[]},{"id":14467,"url":"https:\/\/modowoo.com\/en\/product\/spodnie-bezowe\/","url_meta":{"origin":2956,"position":2},"title":"Spodnie Be\u017cowe","author":"paula1993ck","date":"13 January 2025","format":false,"excerpt":"\u00a0 Darmowa dostawa od 299 z\u0142 Szybka wysy\u0142ka 1-3 dni Mo\u017cliwo\u015b\u0107 p\u0142atno\u015bci odroczonej kup teraz zap\u0142a\u0107 p\u00f3\u017aniej","rel":"","context":"Similar post","block_context":{"text":"Similar post","link":""},"img":{"alt_text":"","src":"https:\/\/i0.wp.com\/modowoo.com\/wp-content\/uploads\/2025\/01\/IMG_0477.jpg?fit=753%2C1200&ssl=1&resize=350%2C200","width":350,"height":200,"srcset":"https:\/\/i0.wp.com\/modowoo.com\/wp-content\/uploads\/2025\/01\/IMG_0477.jpg?fit=753%2C1200&ssl=1&resize=350%2C200 1x, https:\/\/i0.wp.com\/modowoo.com\/wp-content\/uploads\/2025\/01\/IMG_0477.jpg?fit=753%2C1200&ssl=1&resize=525%2C300 1.5x, https:\/\/i0.wp.com\/modowoo.com\/wp-content\/uploads\/2025\/01\/IMG_0477.jpg?fit=753%2C1200&ssl=1&resize=700%2C400 2x"},"classes":[]},{"id":15603,"url":"https:\/\/modowoo.com\/en\/product\/komplet-noela-puder\/","url_meta":{"origin":2956,"position":3},"title":"Komplet Noela Puder","author":"paula1993ck","date":"7 May 2025","format":false,"excerpt":"Darmowa dostawa od 299 z\u0142 Szybka wysy\u0142ka 1-3 dni \u00a0","rel":"","context":"Similar post","block_context":{"text":"Similar post","link":""},"img":{"alt_text":"","src":"https:\/\/i0.wp.com\/modowoo.com\/wp-content\/uploads\/2025\/05\/image0.jpeg?fit=766%2C1200&ssl=1&resize=350%2C200","width":350,"height":200,"srcset":"https:\/\/i0.wp.com\/modowoo.com\/wp-content\/uploads\/2025\/05\/image0.jpeg?fit=766%2C1200&ssl=1&resize=350%2C200 1x, https:\/\/i0.wp.com\/modowoo.com\/wp-content\/uploads\/2025\/05\/image0.jpeg?fit=766%2C1200&ssl=1&resize=525%2C300 1.5x, https:\/\/i0.wp.com\/modowoo.com\/wp-content\/uploads\/2025\/05\/image0.jpeg?fit=766%2C1200&ssl=1&resize=700%2C400 2x"},"classes":[]},{"id":10586,"url":"https:\/\/modowoo.com\/en\/product\/komplet-liro-bez\/","url_meta":{"origin":2956,"position":4},"title":"Komplet Liro Be\u017c","author":"paula1993ck","date":"7 January 2024","format":false,"excerpt":"Rozmiar: Uniwersalny\u00a0 Darmowa dostawa od 299 z\u0142 Szybka wysy\u0142ka 1-2 dni Mo\u017cliwo\u015b\u0107 p\u0142atno\u015bci odroczonej kup teraz zap\u0142a\u0107 p\u00f3\u017aniej","rel":"","context":"Similar post","block_context":{"text":"Similar post","link":""},"img":{"alt_text":"","src":"https:\/\/i0.wp.com\/modowoo.com\/wp-content\/uploads\/2024\/01\/IMG_4722_jpg.jpg?fit=787%2C1200&ssl=1&resize=350%2C200","width":350,"height":200,"srcset":"https:\/\/i0.wp.com\/modowoo.com\/wp-content\/uploads\/2024\/01\/IMG_4722_jpg.jpg?fit=787%2C1200&ssl=1&resize=350%2C200 1x, https:\/\/i0.wp.com\/modowoo.com\/wp-content\/uploads\/2024\/01\/IMG_4722_jpg.jpg?fit=787%2C1200&ssl=1&resize=525%2C300 1.5x, https:\/\/i0.wp.com\/modowoo.com\/wp-content\/uploads\/2024\/01\/IMG_4722_jpg.jpg?fit=787%2C1200&ssl=1&resize=700%2C400 2x"},"classes":[]},{"id":16850,"url":"https:\/\/modowoo.com\/en\/product\/komplet-dzianinowy-szary\/","url_meta":{"origin":2956,"position":5},"title":"Komplet Dzianinowy  Szary","author":"paula1993ck","date":"14 October 2025","format":false,"excerpt":"Darmowa dostawa od 299 z\u0142 Szybka wysy\u0142ka 1-3 dni Mo\u017cliwo\u015b\u0107 p\u0142atno\u015bci odroczonej kup teraz zap\u0142a\u0107 p\u00f3\u017aniej","rel":"","context":"Similar post","block_context":{"text":"Similar post","link":""},"img":{"alt_text":"","src":"https:\/\/i0.wp.com\/modowoo.com\/wp-content\/uploads\/2025\/10\/IMG_4045.jpeg?fit=766%2C1200&ssl=1&resize=350%2C200","width":350,"height":200,"srcset":"https:\/\/i0.wp.com\/modowoo.com\/wp-content\/uploads\/2025\/10\/IMG_4045.jpeg?fit=766%2C1200&ssl=1&resize=350%2C200 1x, https:\/\/i0.wp.com\/modowoo.com\/wp-content\/uploads\/2025\/10\/IMG_4045.jpeg?fit=766%2C1200&ssl=1&resize=525%2C300 1.5x, https:\/\/i0.wp.com\/modowoo.com\/wp-content\/uploads\/2025\/10\/IMG_4045.jpeg?fit=766%2C1200&ssl=1&resize=700%2C400 2x"},"classes":[]}],"_links":{"self":[{"href":"https:\/\/modowoo.com\/en\/wp-json\/wp\/v2\/product\/2956","targetHints":{"allow":["GET"]}}],"collection":[{"href":"https:\/\/modowoo.com\/en\/wp-json\/wp\/v2\/product"}],"about":[{"href":"https:\/\/modowoo.com\/en\/wp-json\/wp\/v2\/types\/product"}],"wp:featuredmedia":[{"embeddable":true,"href":"https:\/\/modowoo.com\/en\/wp-json\/wp\/v2\/media\/2941"}],"wp:attachment":[{"href":"https:\/\/modowoo.com\/en\/wp-json\/wp\/v2\/media?parent=2956"}],"wp:term":[{"taxonomy":"product_brand","embeddable":true,"href":"https:\/\/modowoo.com\/en\/wp-json\/wp\/v2\/product_brand?post=2956"},{"taxonomy":"product_cat","embeddable":true,"href":"https:\/\/modowoo.com\/en\/wp-json\/wp\/v2\/product_cat?post=2956"},{"taxonomy":"product_tag","embeddable":true,"href":"https:\/\/modowoo.com\/en\/wp-json\/wp\/v2\/product_tag?post=2956"}],"curies":[{"name":"wp","href":"https:\/\/api.w.org\/{rel}","templated":true}]}}