{"id":16291,"date":"2025-08-24T16:04:54","date_gmt":"2025-08-24T14:04:54","guid":{"rendered":"https:\/\/modowoo.com\/?post_type=product&#038;p=16291"},"modified":"2025-11-28T12:17:27","modified_gmt":"2025-11-28T11:17:27","slug":"kombinezon-modelujacy-z-suwakiem","status":"publish","type":"product","link":"https:\/\/modowoo.com\/en\/product\/kombinezon-modelujacy-z-suwakiem\/","title":{"rendered":"Kombinezon Modelujacy  z  Suwakiem"},"content":{"rendered":"<p><b>Model polecamy dla\u00a0 \u00a0XS S\u00a0 M\u00a0<\/b><\/p>\n<p>Materia\u0142 pr\u0105\u017cek<\/p>\n<p>Szerokos\u0107 biust\u00a0 do max 105 w biu\u015bcie<\/p>\n<p>Dlugo\u015b\u0107 ca\u0142kowita\u00a0 110 cm<\/p>\n<p>D\u0142ugo\u015b\u0107 r\u0119kawa od pachy\u00a0 \u00a045<\/p>\n<p>Biodra max 112 cm<\/p>\n<p>Pra\u0107 w 30 stopniach<\/p>\n<p>Modleka ma 170 cm wzrostu<\/p>\n<p>&nbsp;<\/p>","protected":false},"excerpt":{"rendered":"<p style=\"text-align: left;\"><img decoding=\"async\" class=\"alignnone wp-image-635\" src=\"https:\/\/modowoo.com\/wp-content\/uploads\/2023\/01\/LogoMakr-1abwpF.png\" alt=\"\" width=\"62\" height=\"48\" \/> <strong>Darmowa dostawa<\/strong> od 299 z\u0142<\/p>\n<p><strong style=\"font-size: 16px; font-style: normal;\"><img decoding=\"async\" class=\"alignnone wp-image-637\" src=\"https:\/\/modowoo.com\/wp-content\/uploads\/2023\/01\/LogoMakr-6bAiOX.png\" alt=\"\" width=\"61\" height=\"51\" \/> Szybka wysy\u0142ka <\/strong>1-3 dni<\/p>\n<p><strong style=\"font-size: 16px; font-style: normal;\"><img decoding=\"async\" class=\"alignnone wp-image-646\" src=\"https:\/\/modowoo.com\/wp-content\/uploads\/2023\/01\/LogoMakr-0f4xnw.png\" alt=\"\" width=\"63\" height=\"54\" \/><\/strong><strong style=\"font-size: 16px;\">Mo\u017cliwo\u015b\u0107 p\u0142atno\u015bci odroczonej<\/strong><span style=\"font-size: 16px;\"> kup teraz zap\u0142a\u0107 p\u00f3\u017aniej<\/span><\/p>","protected":false},"featured_media":16294,"template":"","meta":{"_crdt_document":"","site-sidebar-layout":"default","site-content-layout":"","ast-site-content-layout":"default","site-content-style":"default","site-sidebar-style":"default","ast-global-header-display":"","ast-banner-title-visibility":"","ast-main-header-display":"","ast-hfb-above-header-display":"","ast-hfb-below-header-display":"","ast-hfb-mobile-header-display":"","site-post-title":"","ast-breadcrumbs-content":"","ast-featured-img":"","footer-sml-layout":"","theme-transparent-header-meta":"default","adv-header-id-meta":"","stick-header-meta":"","header-above-stick-meta":"","header-main-stick-meta":"","header-below-stick-meta":"","astra-migrate-meta-layouts":"set","ast-page-background-enabled":"default","ast-page-background-meta":{"desktop":{"background-color":"var(--ast-global-color-4)","background-image":"","background-repeat":"repeat","background-position":"center center","background-size":"auto","background-attachment":"scroll","background-type":"","background-media":"","overlay-type":"","overlay-color":"","overlay-gradient":""},"tablet":{"background-color":"","background-image":"","background-repeat":"repeat","background-position":"center center","background-size":"auto","background-attachment":"scroll","background-type":"","background-media":"","overlay-type":"","overlay-color":"","overlay-gradient":""},"mobile":{"background-color":"","background-image":"","background-repeat":"repeat","background-position":"center center","background-size":"auto","background-attachment":"scroll","background-type":"","background-media":"","overlay-type":"","overlay-color":"","overlay-gradient":""}},"ast-content-background-meta":{"desktop":{"background-color":"var(--ast-global-color-5)","background-image":"","background-repeat":"repeat","background-position":"center center","background-size":"auto","background-attachment":"scroll","background-type":"","background-media":"","overlay-type":"","overlay-color":"","overlay-gradient":""},"tablet":{"background-color":"var(--ast-global-color-5)","background-image":"","background-repeat":"repeat","background-position":"center center","background-size":"auto","background-attachment":"scroll","background-type":"","background-media":"","overlay-type":"","overlay-color":"","overlay-gradient":""},"mobile":{"background-color":"var(--ast-global-color-5)","background-image":"","background-repeat":"repeat","background-position":"center center","background-size":"auto","background-attachment":"scroll","background-type":"","background-media":"","overlay-type":"","overlay-color":"","overlay-gradient":""}},"advanced_seo_description":"","jetpack_seo_html_title":"","jetpack_seo_noindex":false,"jetpack_publicize_message":"","jetpack_publicize_feature_enabled":true,"jetpack_social_post_already_shared":true,"jetpack_social_options":{"image_generator_settings":{"template":"highway","default_image_id":0,"font":"","enabled":false},"version":2},"_wpas_customize_per_network":false},"product_brand":[],"product_cat":[14827,14865,14828],"product_tag":[],"class_list":{"0":"post-16291","1":"product","2":"type-product","3":"status-publish","4":"has-post-thumbnail","6":"product_cat-bestsellery","7":"product_cat-kombinezony","8":"product_cat-nowosci","9":"desktop-align-center","10":"tablet-align-left","11":"mobile-align-left","13":"first","14":"instock","15":"shipping-taxable","16":"purchasable","17":"product-type-simple"},"jetpack_publicize_connections":[],"jetpack_likes_enabled":true,"jetpack_sharing_enabled":true,"jetpack-related-posts":[{"id":16539,"url":"https:\/\/modowoo.com\/en\/product\/kombinezon-modelujacy-z-suwakiem-czekolada\/","url_meta":{"origin":16291,"position":0},"title":"Kombinezon Modelujacy  z  Suwakiem Czekolada","author":"paula1993ck","date":"20 September 2025","format":false,"excerpt":"Darmowa dostawa od 299 z\u0142 Szybka wysy\u0142ka 1-3 dni Mo\u017cliwo\u015b\u0107 p\u0142atno\u015bci odroczonej kup teraz zap\u0142a\u0107 p\u00f3\u017aniej","rel":"","context":"Similar post","block_context":{"text":"Similar post","link":""},"img":{"alt_text":"","src":"https:\/\/i0.wp.com\/modowoo.com\/wp-content\/uploads\/2025\/09\/IMG_1916.jpeg?fit=900%2C1200&ssl=1&resize=350%2C200","width":350,"height":200,"srcset":"https:\/\/i0.wp.com\/modowoo.com\/wp-content\/uploads\/2025\/09\/IMG_1916.jpeg?fit=900%2C1200&ssl=1&resize=350%2C200 1x, https:\/\/i0.wp.com\/modowoo.com\/wp-content\/uploads\/2025\/09\/IMG_1916.jpeg?fit=900%2C1200&ssl=1&resize=525%2C300 1.5x, https:\/\/i0.wp.com\/modowoo.com\/wp-content\/uploads\/2025\/09\/IMG_1916.jpeg?fit=900%2C1200&ssl=1&resize=700%2C400 2x"},"classes":[]},{"id":13160,"url":"https:\/\/modowoo.com\/en\/product\/sukienka-kite\/","url_meta":{"origin":16291,"position":1},"title":"Sukienka Kite","author":"paula1993ck","date":"25 August 2024","format":false,"excerpt":"Rozmiar: Uniwersalny\u00a0 Darmowa dostawa od 299 z\u0142 Szybka wysy\u0142ka 1-3 dni Mo\u017cliwo\u015b\u0107 p\u0142atno\u015bci odroczonej kup teraz zap\u0142a\u0107 p\u00f3\u017aniej","rel":"","context":"Similar post","block_context":{"text":"Similar post","link":""},"img":{"alt_text":"","src":"https:\/\/i0.wp.com\/modowoo.com\/wp-content\/uploads\/2024\/08\/IMG_0121.jpg?fit=737%2C1200&ssl=1&resize=350%2C200","width":350,"height":200,"srcset":"https:\/\/i0.wp.com\/modowoo.com\/wp-content\/uploads\/2024\/08\/IMG_0121.jpg?fit=737%2C1200&ssl=1&resize=350%2C200 1x, https:\/\/i0.wp.com\/modowoo.com\/wp-content\/uploads\/2024\/08\/IMG_0121.jpg?fit=737%2C1200&ssl=1&resize=525%2C300 1.5x, https:\/\/i0.wp.com\/modowoo.com\/wp-content\/uploads\/2024\/08\/IMG_0121.jpg?fit=737%2C1200&ssl=1&resize=700%2C400 2x"},"classes":[]},{"id":18188,"url":"https:\/\/modowoo.com\/en\/product\/komplet-laperla\/","url_meta":{"origin":16291,"position":2},"title":"Komplet LaPerla","author":"paula1993ck","date":"28 March 2026","format":false,"excerpt":"Rozmiar: Uniwersalny\u00a0 Darmowa dostawa od 299 z\u0142 Szybka wysy\u0142ka 1-3 dni Mo\u017cliwo\u015b\u0107 p\u0142atno\u015bci odroczonej kup teraz zap\u0142a\u0107 p\u00f3\u017aniej","rel":"","context":"Similar post","block_context":{"text":"Similar post","link":""},"img":{"alt_text":"","src":"https:\/\/i0.wp.com\/modowoo.com\/wp-content\/uploads\/2026\/03\/att.GT0w4oyho0NB7ADubXqlpa5lxx3Fyz1OoipA-m8l9IU.jpeg?fit=738%2C1200&ssl=1&resize=350%2C200","width":350,"height":200,"srcset":"https:\/\/i0.wp.com\/modowoo.com\/wp-content\/uploads\/2026\/03\/att.GT0w4oyho0NB7ADubXqlpa5lxx3Fyz1OoipA-m8l9IU.jpeg?fit=738%2C1200&ssl=1&resize=350%2C200 1x, https:\/\/i0.wp.com\/modowoo.com\/wp-content\/uploads\/2026\/03\/att.GT0w4oyho0NB7ADubXqlpa5lxx3Fyz1OoipA-m8l9IU.jpeg?fit=738%2C1200&ssl=1&resize=525%2C300 1.5x, https:\/\/i0.wp.com\/modowoo.com\/wp-content\/uploads\/2026\/03\/att.GT0w4oyho0NB7ADubXqlpa5lxx3Fyz1OoipA-m8l9IU.jpeg?fit=738%2C1200&ssl=1&resize=700%2C400 2x"},"classes":[]},{"id":16850,"url":"https:\/\/modowoo.com\/en\/product\/komplet-dzianinowy-szary\/","url_meta":{"origin":16291,"position":3},"title":"Komplet Dzianinowy  Szary","author":"paula1993ck","date":"14 October 2025","format":false,"excerpt":"Darmowa dostawa od 299 z\u0142 Szybka wysy\u0142ka 1-3 dni Mo\u017cliwo\u015b\u0107 p\u0142atno\u015bci odroczonej kup teraz zap\u0142a\u0107 p\u00f3\u017aniej","rel":"","context":"Similar post","block_context":{"text":"Similar post","link":""},"img":{"alt_text":"","src":"https:\/\/i0.wp.com\/modowoo.com\/wp-content\/uploads\/2025\/10\/IMG_4045.jpeg?fit=766%2C1200&ssl=1&resize=350%2C200","width":350,"height":200,"srcset":"https:\/\/i0.wp.com\/modowoo.com\/wp-content\/uploads\/2025\/10\/IMG_4045.jpeg?fit=766%2C1200&ssl=1&resize=350%2C200 1x, https:\/\/i0.wp.com\/modowoo.com\/wp-content\/uploads\/2025\/10\/IMG_4045.jpeg?fit=766%2C1200&ssl=1&resize=525%2C300 1.5x, https:\/\/i0.wp.com\/modowoo.com\/wp-content\/uploads\/2025\/10\/IMG_4045.jpeg?fit=766%2C1200&ssl=1&resize=700%2C400 2x"},"classes":[]},{"id":16801,"url":"https:\/\/modowoo.com\/en\/product\/komplet-2\/","url_meta":{"origin":16291,"position":4},"title":"Komplet Dzianinowy  Camel","author":"paula1993ck","date":"12 October 2025","format":false,"excerpt":"Darmowa dostawa od 299 z\u0142 Szybka wysy\u0142ka 1-3 dni Mo\u017cliwo\u015b\u0107 p\u0142atno\u015bci odroczonej kup teraz zap\u0142a\u0107 p\u00f3\u017aniej","rel":"","context":"Similar post","block_context":{"text":"Similar post","link":""},"img":{"alt_text":"","src":"https:\/\/i0.wp.com\/modowoo.com\/wp-content\/uploads\/2025\/10\/IMG_3871.jpeg?fit=809%2C1200&ssl=1&resize=350%2C200","width":350,"height":200,"srcset":"https:\/\/i0.wp.com\/modowoo.com\/wp-content\/uploads\/2025\/10\/IMG_3871.jpeg?fit=809%2C1200&ssl=1&resize=350%2C200 1x, https:\/\/i0.wp.com\/modowoo.com\/wp-content\/uploads\/2025\/10\/IMG_3871.jpeg?fit=809%2C1200&ssl=1&resize=525%2C300 1.5x, https:\/\/i0.wp.com\/modowoo.com\/wp-content\/uploads\/2025\/10\/IMG_3871.jpeg?fit=809%2C1200&ssl=1&resize=700%2C400 2x"},"classes":[]},{"id":16811,"url":"https:\/\/modowoo.com\/en\/product\/komplet-3\/","url_meta":{"origin":16291,"position":5},"title":"Komplet Dzianinowy  \u015amietanka","author":"paula1993ck","date":"12 October 2025","format":false,"excerpt":"Darmowa dostawa od 299 z\u0142 Szybka wysy\u0142ka 1-3 dni Mo\u017cliwo\u015b\u0107 p\u0142atno\u015bci odroczonej kup teraz zap\u0142a\u0107 p\u00f3\u017aniej","rel":"","context":"Similar post","block_context":{"text":"Similar post","link":""},"img":{"alt_text":"","src":"https:\/\/i0.wp.com\/modowoo.com\/wp-content\/uploads\/2025\/10\/IMG_3841.jpeg?fit=821%2C1200&ssl=1&resize=350%2C200","width":350,"height":200,"srcset":"https:\/\/i0.wp.com\/modowoo.com\/wp-content\/uploads\/2025\/10\/IMG_3841.jpeg?fit=821%2C1200&ssl=1&resize=350%2C200 1x, https:\/\/i0.wp.com\/modowoo.com\/wp-content\/uploads\/2025\/10\/IMG_3841.jpeg?fit=821%2C1200&ssl=1&resize=525%2C300 1.5x, https:\/\/i0.wp.com\/modowoo.com\/wp-content\/uploads\/2025\/10\/IMG_3841.jpeg?fit=821%2C1200&ssl=1&resize=700%2C400 2x"},"classes":[]}],"_links":{"self":[{"href":"https:\/\/modowoo.com\/en\/wp-json\/wp\/v2\/product\/16291","targetHints":{"allow":["GET"]}}],"collection":[{"href":"https:\/\/modowoo.com\/en\/wp-json\/wp\/v2\/product"}],"about":[{"href":"https:\/\/modowoo.com\/en\/wp-json\/wp\/v2\/types\/product"}],"wp:featuredmedia":[{"embeddable":true,"href":"https:\/\/modowoo.com\/en\/wp-json\/wp\/v2\/media\/16294"}],"wp:attachment":[{"href":"https:\/\/modowoo.com\/en\/wp-json\/wp\/v2\/media?parent=16291"}],"wp:term":[{"taxonomy":"product_brand","embeddable":true,"href":"https:\/\/modowoo.com\/en\/wp-json\/wp\/v2\/product_brand?post=16291"},{"taxonomy":"product_cat","embeddable":true,"href":"https:\/\/modowoo.com\/en\/wp-json\/wp\/v2\/product_cat?post=16291"},{"taxonomy":"product_tag","embeddable":true,"href":"https:\/\/modowoo.com\/en\/wp-json\/wp\/v2\/product_tag?post=16291"}],"curies":[{"name":"wp","href":"https:\/\/api.w.org\/{rel}","templated":true}]}}