{"id":15603,"date":"2025-05-07T18:07:59","date_gmt":"2025-05-07T16:07:59","guid":{"rendered":"https:\/\/modowoo.com\/?post_type=product&#038;p=15603"},"modified":"2025-08-01T16:09:51","modified_gmt":"2025-08-01T14:09:51","slug":"komplet-noela-puder","status":"publish","type":"product","link":"https:\/\/modowoo.com\/en\/product\/komplet-noela-puder\/","title":{"rendered":"Komplet Noela Puder"},"content":{"rendered":"<div>\n<div>Produkt Poski<\/div>\n<div><strong>Wymiary XS\/S\u00a0<\/strong><\/div>\n<div><strong>Spodnie\u00a0<\/strong><\/div>\n<div>Pas\u00a0 na p\u0142asko\u00a0 32-45cm<\/div>\n<div>Biodra\u00a0 max 99\u00a0 \u00a0cm<\/div>\n<div>D\u0142ugo\u015b\u0107 ca\u0142kowita\u00a0 \u00a0110 cm<\/div>\n<div>\n<div><strong>Wymiary XS\/S\u00a0<\/strong><\/div>\n<div><strong>Marynarka\u00a0<\/strong><\/div>\n<\/div>\n<\/div>\n<div>Biust\u00a0 do 100 cm<\/div>\n<div>\n<div>\n<div><strong>Wymiary M\/L\u00a0<\/strong><\/div>\n<div><strong>Spodnie\u00a0<\/strong><\/div>\n<div>Pas\u00a0 na p\u0142asko\u00a0 38- 50 cm<\/div>\n<div>Biodra\u00a0 max\u00a0 110 cm<\/div>\n<div>D\u0142ugo\u015b\u0107 ca\u0142kowita\u00a0 \u00a0112<\/div>\n<div>\n<div><strong>Wymiar M\/L\u00a0<\/strong><\/div>\n<div><strong>Marynarka\u00a0<\/strong><\/div>\n<\/div>\n<\/div>\n<div>Biust\u00a0 do 106\u00a0 cm<\/div>\n<\/div>\n<div>\n<div>\u00a0Modelka prezentuje na sobie S<\/div>\n<div><\/div>\n<div><\/div>\n<\/div>","protected":false},"excerpt":{"rendered":"<p style=\"text-align: left;\"><img decoding=\"async\" class=\"alignnone wp-image-635\" src=\"https:\/\/modowoo.com\/wp-content\/uploads\/2023\/01\/LogoMakr-1abwpF.png\" alt=\"\" width=\"62\" height=\"48\" \/> <strong>Darmowa dostawa<\/strong> od 299 z\u0142<\/p>\n<p><strong style=\"font-size: 16px; font-style: normal;\"><img decoding=\"async\" class=\"alignnone wp-image-637\" src=\"https:\/\/modowoo.com\/wp-content\/uploads\/2023\/01\/LogoMakr-6bAiOX.png\" alt=\"\" width=\"61\" height=\"51\" \/> Szybka wysy\u0142ka <\/strong>1-3 dni<\/p>\n<p>&nbsp;<\/p>","protected":false},"featured_media":15609,"template":"","meta":{"_crdt_document":"","site-sidebar-layout":"default","site-content-layout":"default","ast-site-content-layout":"default","site-content-style":"default","site-sidebar-style":"default","ast-global-header-display":"","ast-banner-title-visibility":"","ast-main-header-display":"","ast-hfb-above-header-display":"","ast-hfb-below-header-display":"","ast-hfb-mobile-header-display":"","site-post-title":"","ast-breadcrumbs-content":"","ast-featured-img":"","footer-sml-layout":"","theme-transparent-header-meta":"default","adv-header-id-meta":"","stick-header-meta":"","header-above-stick-meta":"","header-main-stick-meta":"","header-below-stick-meta":"","astra-migrate-meta-layouts":"set","ast-page-background-enabled":"default","ast-page-background-meta":{"desktop":{"background-color":"var(--ast-global-color-4)","background-image":"","background-repeat":"repeat","background-position":"center center","background-size":"auto","background-attachment":"scroll","background-type":"","background-media":"","overlay-type":"","overlay-color":"","overlay-gradient":""},"tablet":{"background-color":"","background-image":"","background-repeat":"repeat","background-position":"center center","background-size":"auto","background-attachment":"scroll","background-type":"","background-media":"","overlay-type":"","overlay-color":"","overlay-gradient":""},"mobile":{"background-color":"","background-image":"","background-repeat":"repeat","background-position":"center center","background-size":"auto","background-attachment":"scroll","background-type":"","background-media":"","overlay-type":"","overlay-color":"","overlay-gradient":""}},"ast-content-background-meta":{"desktop":{"background-color":"var(--ast-global-color-5)","background-image":"","background-repeat":"repeat","background-position":"center center","background-size":"auto","background-attachment":"scroll","background-type":"","background-media":"","overlay-type":"","overlay-color":"","overlay-gradient":""},"tablet":{"background-color":"var(--ast-global-color-5)","background-image":"","background-repeat":"repeat","background-position":"center center","background-size":"auto","background-attachment":"scroll","background-type":"","background-media":"","overlay-type":"","overlay-color":"","overlay-gradient":""},"mobile":{"background-color":"var(--ast-global-color-5)","background-image":"","background-repeat":"repeat","background-position":"center center","background-size":"auto","background-attachment":"scroll","background-type":"","background-media":"","overlay-type":"","overlay-color":"","overlay-gradient":""}},"advanced_seo_description":"","jetpack_seo_html_title":"","jetpack_seo_noindex":false,"jetpack_publicize_message":"","jetpack_publicize_feature_enabled":true,"jetpack_social_post_already_shared":true,"jetpack_social_options":{"image_generator_settings":{"template":"highway","default_image_id":0,"font":"","enabled":false},"version":2},"_wpas_customize_per_network":false},"product_brand":[],"product_cat":[14840,14841],"product_tag":[],"class_list":{"0":"post-15603","1":"product","2":"type-product","3":"status-publish","4":"has-post-thumbnail","6":"product_cat-spodnice","7":"product_cat-spodenki","8":"desktop-align-center","9":"tablet-align-left","10":"mobile-align-left","12":"first","13":"instock","14":"shipping-taxable","15":"purchasable","16":"product-type-variable"},"jetpack_publicize_connections":[],"jetpack_likes_enabled":true,"jetpack_sharing_enabled":true,"jetpack-related-posts":[{"id":2956,"url":"https:\/\/modowoo.com\/en\/product\/garnitur-3-czesciowy-top-spodnie-marynarka\/","url_meta":{"origin":15603,"position":0},"title":"Garnitur 3-Cz\u0119\u015bciowy Top, Spodnie, Marynarka","author":"paula1993ck","date":"2 April 2023","format":false,"excerpt":"Darmowa dostawa od 289 z\u0142 Szybka wysy\u0142ka 1-2 dni Mo\u017cliwo\u015b\u0107 p\u0142atno\u015bci odroczonej kup teraz zap\u0142a\u0107 p\u00f3\u017aniej","rel":"","context":"Similar post","block_context":{"text":"Similar post","link":""},"img":{"alt_text":"","src":"https:\/\/i0.wp.com\/modowoo.com\/wp-content\/uploads\/2023\/04\/IMG-6756-jpg.jpg?fit=761%2C1200&ssl=1&resize=350%2C200","width":350,"height":200,"srcset":"https:\/\/i0.wp.com\/modowoo.com\/wp-content\/uploads\/2023\/04\/IMG-6756-jpg.jpg?fit=761%2C1200&ssl=1&resize=350%2C200 1x, https:\/\/i0.wp.com\/modowoo.com\/wp-content\/uploads\/2023\/04\/IMG-6756-jpg.jpg?fit=761%2C1200&ssl=1&resize=525%2C300 1.5x, https:\/\/i0.wp.com\/modowoo.com\/wp-content\/uploads\/2023\/04\/IMG-6756-jpg.jpg?fit=761%2C1200&ssl=1&resize=700%2C400 2x"},"classes":[]},{"id":17922,"url":"https:\/\/modowoo.com\/en\/product\/komplet-belluci-bialy\/","url_meta":{"origin":15603,"position":1},"title":"Komplet Belluci Bia\u0142y","author":"paula1993ck","date":"26 January 2026","format":false,"excerpt":"Darmowa dostawa od 299 z\u0142 Szybka wysy\u0142ka 1-3 dni Mo\u017cliwo\u015b\u0107 p\u0142atno\u015bci odroczonej kup teraz zap\u0142a\u0107 p\u00f3\u017aniej","rel":"","context":"Similar post","block_context":{"text":"Similar post","link":""},"img":{"alt_text":"","src":"https:\/\/i0.wp.com\/modowoo.com\/wp-content\/uploads\/2025\/04\/image1.jpeg?fit=900%2C1200&ssl=1&resize=350%2C200","width":350,"height":200,"srcset":"https:\/\/i0.wp.com\/modowoo.com\/wp-content\/uploads\/2025\/04\/image1.jpeg?fit=900%2C1200&ssl=1&resize=350%2C200 1x, https:\/\/i0.wp.com\/modowoo.com\/wp-content\/uploads\/2025\/04\/image1.jpeg?fit=900%2C1200&ssl=1&resize=525%2C300 1.5x, https:\/\/i0.wp.com\/modowoo.com\/wp-content\/uploads\/2025\/04\/image1.jpeg?fit=900%2C1200&ssl=1&resize=700%2C400 2x"},"classes":[]},{"id":17925,"url":"https:\/\/modowoo.com\/en\/product\/komplet-belluci-bez-2\/","url_meta":{"origin":15603,"position":2},"title":"Komplet Belluci Be\u017c","author":"paula1993ck","date":"26 January 2026","format":false,"excerpt":"Darmowa dostawa od 299 z\u0142 Szybka wysy\u0142ka 1-3 dni Mo\u017cliwo\u015b\u0107 p\u0142atno\u015bci odroczonej kup teraz zap\u0142a\u0107 p\u00f3\u017aniej","rel":"","context":"Similar post","block_context":{"text":"Similar post","link":""},"img":{"alt_text":"","src":"https:\/\/i0.wp.com\/modowoo.com\/wp-content\/uploads\/2025\/04\/image8.jpeg?fit=844%2C1200&ssl=1&resize=350%2C200","width":350,"height":200,"srcset":"https:\/\/i0.wp.com\/modowoo.com\/wp-content\/uploads\/2025\/04\/image8.jpeg?fit=844%2C1200&ssl=1&resize=350%2C200 1x, https:\/\/i0.wp.com\/modowoo.com\/wp-content\/uploads\/2025\/04\/image8.jpeg?fit=844%2C1200&ssl=1&resize=525%2C300 1.5x, https:\/\/i0.wp.com\/modowoo.com\/wp-content\/uploads\/2025\/04\/image8.jpeg?fit=844%2C1200&ssl=1&resize=700%2C400 2x"},"classes":[]},{"id":14442,"url":"https:\/\/modowoo.com\/en\/product\/spodnie-jeans-2\/","url_meta":{"origin":15603,"position":3},"title":"Spodnie Jeans","author":"paula1993ck","date":"13 January 2025","format":false,"excerpt":"\u00a0 Darmowa dostawa od 299 z\u0142 Szybka wysy\u0142ka 1-3 dni Mo\u017cliwo\u015b\u0107 p\u0142atno\u015bci odroczonej kup teraz zap\u0142a\u0107 p\u00f3\u017aniej","rel":"","context":"Similar post","block_context":{"text":"Similar post","link":""},"img":{"alt_text":"","src":"https:\/\/i0.wp.com\/modowoo.com\/wp-content\/uploads\/2025\/01\/IMG_0460.jpg?fit=757%2C1200&ssl=1&resize=350%2C200","width":350,"height":200,"srcset":"https:\/\/i0.wp.com\/modowoo.com\/wp-content\/uploads\/2025\/01\/IMG_0460.jpg?fit=757%2C1200&ssl=1&resize=350%2C200 1x, https:\/\/i0.wp.com\/modowoo.com\/wp-content\/uploads\/2025\/01\/IMG_0460.jpg?fit=757%2C1200&ssl=1&resize=525%2C300 1.5x, https:\/\/i0.wp.com\/modowoo.com\/wp-content\/uploads\/2025\/01\/IMG_0460.jpg?fit=757%2C1200&ssl=1&resize=700%2C400 2x"},"classes":[]},{"id":14467,"url":"https:\/\/modowoo.com\/en\/product\/spodnie-bezowe\/","url_meta":{"origin":15603,"position":4},"title":"Spodnie Be\u017cowe","author":"paula1993ck","date":"13 January 2025","format":false,"excerpt":"\u00a0 Darmowa dostawa od 299 z\u0142 Szybka wysy\u0142ka 1-3 dni Mo\u017cliwo\u015b\u0107 p\u0142atno\u015bci odroczonej kup teraz zap\u0142a\u0107 p\u00f3\u017aniej","rel":"","context":"Similar post","block_context":{"text":"Similar post","link":""},"img":{"alt_text":"","src":"https:\/\/i0.wp.com\/modowoo.com\/wp-content\/uploads\/2025\/01\/IMG_0477.jpg?fit=753%2C1200&ssl=1&resize=350%2C200","width":350,"height":200,"srcset":"https:\/\/i0.wp.com\/modowoo.com\/wp-content\/uploads\/2025\/01\/IMG_0477.jpg?fit=753%2C1200&ssl=1&resize=350%2C200 1x, https:\/\/i0.wp.com\/modowoo.com\/wp-content\/uploads\/2025\/01\/IMG_0477.jpg?fit=753%2C1200&ssl=1&resize=525%2C300 1.5x, https:\/\/i0.wp.com\/modowoo.com\/wp-content\/uploads\/2025\/01\/IMG_0477.jpg?fit=753%2C1200&ssl=1&resize=700%2C400 2x"},"classes":[]},{"id":18179,"url":"https:\/\/modowoo.com\/en\/product\/komplet-merci-puder\/","url_meta":{"origin":15603,"position":5},"title":"Komplet Merci Puder","author":"paula1993ck","date":"26 March 2026","format":false,"excerpt":"Darmowa dostawa od 299 z\u0142 Szybka wysy\u0142ka 1-3 dni Mo\u017cliwo\u015b\u0107 p\u0142atno\u015bci odroczonej kup teraz zap\u0142a\u0107 p\u00f3\u017aniej","rel":"","context":"Similar post","block_context":{"text":"Similar post","link":""},"img":{"alt_text":"","src":"https:\/\/i0.wp.com\/modowoo.com\/wp-content\/uploads\/2026\/03\/IMG_3855.jpeg?fit=840%2C1200&ssl=1&resize=350%2C200","width":350,"height":200,"srcset":"https:\/\/i0.wp.com\/modowoo.com\/wp-content\/uploads\/2026\/03\/IMG_3855.jpeg?fit=840%2C1200&ssl=1&resize=350%2C200 1x, https:\/\/i0.wp.com\/modowoo.com\/wp-content\/uploads\/2026\/03\/IMG_3855.jpeg?fit=840%2C1200&ssl=1&resize=525%2C300 1.5x, https:\/\/i0.wp.com\/modowoo.com\/wp-content\/uploads\/2026\/03\/IMG_3855.jpeg?fit=840%2C1200&ssl=1&resize=700%2C400 2x"},"classes":[]}],"_links":{"self":[{"href":"https:\/\/modowoo.com\/en\/wp-json\/wp\/v2\/product\/15603","targetHints":{"allow":["GET"]}}],"collection":[{"href":"https:\/\/modowoo.com\/en\/wp-json\/wp\/v2\/product"}],"about":[{"href":"https:\/\/modowoo.com\/en\/wp-json\/wp\/v2\/types\/product"}],"wp:featuredmedia":[{"embeddable":true,"href":"https:\/\/modowoo.com\/en\/wp-json\/wp\/v2\/media\/15609"}],"wp:attachment":[{"href":"https:\/\/modowoo.com\/en\/wp-json\/wp\/v2\/media?parent=15603"}],"wp:term":[{"taxonomy":"product_brand","embeddable":true,"href":"https:\/\/modowoo.com\/en\/wp-json\/wp\/v2\/product_brand?post=15603"},{"taxonomy":"product_cat","embeddable":true,"href":"https:\/\/modowoo.com\/en\/wp-json\/wp\/v2\/product_cat?post=15603"},{"taxonomy":"product_tag","embeddable":true,"href":"https:\/\/modowoo.com\/en\/wp-json\/wp\/v2\/product_tag?post=15603"}],"curies":[{"name":"wp","href":"https:\/\/api.w.org\/{rel}","templated":true}]}}