{"id":15554,"date":"2025-05-06T14:12:14","date_gmt":"2025-05-06T12:12:14","guid":{"rendered":"https:\/\/modowoo.com\/?post_type=product&#038;p=15554"},"modified":"2026-04-20T19:38:49","modified_gmt":"2026-04-20T17:38:49","slug":"sukienka-flowers-3","status":"publish","type":"product","link":"https:\/\/modowoo.com\/en\/product\/sukienka-flowers-3\/","title":{"rendered":"Sukienka Flowers 3"},"content":{"rendered":"<p>Rozmiar Uniwersalny polecamy S M L<\/p>\n<p>Sk\u0142ad materia\u0142u\u00a0 45 % viskoza\u00a0 50% polietser 5% elsastan<\/p>\n<p><b>Wymiary\u00a0<\/b><\/p>\n<p>Szerokos\u0107 biust 55 cm x2<\/p>\n<p>Dlugo\u015b\u0107 ca\u0142kowita\u00a0 \u00a0114 cm<\/p>\n<p>Odzie\u017c mierzona na p\u0142asko. Poszczeg\u00f3lne wymiary mog\u0105 si\u0119 r\u00f3\u017cni\u0107 o +\/- 2 cm.<\/p>\n<p>Pra\u0107 w 30 stopniach<\/p>\n<p>Modleka ma 172 cm wzrostu<\/p>\n<p>&nbsp;<\/p>","protected":false},"excerpt":{"rendered":"<p style=\"text-align: left;\"><img decoding=\"async\" class=\"alignnone wp-image-635\" src=\"https:\/\/modowoo.com\/wp-content\/uploads\/2023\/01\/LogoMakr-1abwpF.png\" alt=\"\" width=\"62\" height=\"48\" \/> <strong>Darmowa dostawa<\/strong> od 299 z\u0142<\/p>\n<p><strong style=\"font-size: 16px; font-style: normal;\"><img decoding=\"async\" class=\"alignnone wp-image-637\" src=\"https:\/\/modowoo.com\/wp-content\/uploads\/2023\/01\/LogoMakr-6bAiOX.png\" alt=\"\" width=\"61\" height=\"51\" \/> Szybka wysy\u0142ka <\/strong>1-3 dni<\/p>\n<p><strong style=\"font-size: 16px; font-style: normal;\"><img decoding=\"async\" class=\"alignnone wp-image-646\" src=\"https:\/\/modowoo.com\/wp-content\/uploads\/2023\/01\/LogoMakr-0f4xnw.png\" alt=\"\" width=\"63\" height=\"54\" \/><\/strong><strong style=\"font-size: 16px;\">Mo\u017cliwo\u015b\u0107 p\u0142atno\u015bci odroczonej<\/strong><span style=\"font-size: 16px;\"> kup teraz zap\u0142a\u0107 p\u00f3\u017aniej<\/span><\/p>","protected":false},"featured_media":15546,"template":"","meta":{"_crdt_document":"","site-sidebar-layout":"default","site-content-layout":"","ast-site-content-layout":"default","site-content-style":"default","site-sidebar-style":"default","ast-global-header-display":"","ast-banner-title-visibility":"","ast-main-header-display":"","ast-hfb-above-header-display":"","ast-hfb-below-header-display":"","ast-hfb-mobile-header-display":"","site-post-title":"","ast-breadcrumbs-content":"","ast-featured-img":"","footer-sml-layout":"","theme-transparent-header-meta":"default","adv-header-id-meta":"","stick-header-meta":"","header-above-stick-meta":"","header-main-stick-meta":"","header-below-stick-meta":"","astra-migrate-meta-layouts":"set","ast-page-background-enabled":"default","ast-page-background-meta":{"desktop":{"background-color":"var(--ast-global-color-4)","background-image":"","background-repeat":"repeat","background-position":"center center","background-size":"auto","background-attachment":"scroll","background-type":"","background-media":"","overlay-type":"","overlay-color":"","overlay-gradient":""},"tablet":{"background-color":"","background-image":"","background-repeat":"repeat","background-position":"center center","background-size":"auto","background-attachment":"scroll","background-type":"","background-media":"","overlay-type":"","overlay-color":"","overlay-gradient":""},"mobile":{"background-color":"","background-image":"","background-repeat":"repeat","background-position":"center center","background-size":"auto","background-attachment":"scroll","background-type":"","background-media":"","overlay-type":"","overlay-color":"","overlay-gradient":""}},"ast-content-background-meta":{"desktop":{"background-color":"var(--ast-global-color-5)","background-image":"","background-repeat":"repeat","background-position":"center center","background-size":"auto","background-attachment":"scroll","background-type":"","background-media":"","overlay-type":"","overlay-color":"","overlay-gradient":""},"tablet":{"background-color":"var(--ast-global-color-5)","background-image":"","background-repeat":"repeat","background-position":"center center","background-size":"auto","background-attachment":"scroll","background-type":"","background-media":"","overlay-type":"","overlay-color":"","overlay-gradient":""},"mobile":{"background-color":"var(--ast-global-color-5)","background-image":"","background-repeat":"repeat","background-position":"center center","background-size":"auto","background-attachment":"scroll","background-type":"","background-media":"","overlay-type":"","overlay-color":"","overlay-gradient":""}},"advanced_seo_description":"","jetpack_seo_html_title":"","jetpack_seo_noindex":false,"jetpack_publicize_message":"","jetpack_publicize_feature_enabled":true,"jetpack_social_post_already_shared":true,"jetpack_social_options":{"image_generator_settings":{"template":"highway","default_image_id":0,"font":"","enabled":false},"version":2},"_wpas_customize_per_network":false},"product_brand":[],"product_cat":[14823],"product_tag":[],"class_list":{"0":"post-15554","1":"product","2":"type-product","3":"status-publish","4":"has-post-thumbnail","6":"product_cat-sukienki","7":"desktop-align-center","8":"tablet-align-left","9":"mobile-align-left","11":"first","12":"outofstock","13":"shipping-taxable","14":"purchasable","15":"product-type-simple"},"jetpack_publicize_connections":[],"jetpack_likes_enabled":true,"jetpack_sharing_enabled":true,"jetpack-related-posts":[{"id":14442,"url":"https:\/\/modowoo.com\/en\/product\/spodnie-jeans-2\/","url_meta":{"origin":15554,"position":0},"title":"Spodnie Jeans","author":"paula1993ck","date":"13 January 2025","format":false,"excerpt":"\u00a0 Darmowa dostawa od 299 z\u0142 Szybka wysy\u0142ka 1-3 dni Mo\u017cliwo\u015b\u0107 p\u0142atno\u015bci odroczonej kup teraz zap\u0142a\u0107 p\u00f3\u017aniej","rel":"","context":"Similar post","block_context":{"text":"Similar post","link":""},"img":{"alt_text":"","src":"https:\/\/i0.wp.com\/modowoo.com\/wp-content\/uploads\/2025\/01\/IMG_0460.jpg?fit=757%2C1200&ssl=1&resize=350%2C200","width":350,"height":200,"srcset":"https:\/\/i0.wp.com\/modowoo.com\/wp-content\/uploads\/2025\/01\/IMG_0460.jpg?fit=757%2C1200&ssl=1&resize=350%2C200 1x, https:\/\/i0.wp.com\/modowoo.com\/wp-content\/uploads\/2025\/01\/IMG_0460.jpg?fit=757%2C1200&ssl=1&resize=525%2C300 1.5x, https:\/\/i0.wp.com\/modowoo.com\/wp-content\/uploads\/2025\/01\/IMG_0460.jpg?fit=757%2C1200&ssl=1&resize=700%2C400 2x"},"classes":[]},{"id":14467,"url":"https:\/\/modowoo.com\/en\/product\/spodnie-bezowe\/","url_meta":{"origin":15554,"position":1},"title":"Spodnie Be\u017cowe","author":"paula1993ck","date":"13 January 2025","format":false,"excerpt":"\u00a0 Darmowa dostawa od 299 z\u0142 Szybka wysy\u0142ka 1-3 dni Mo\u017cliwo\u015b\u0107 p\u0142atno\u015bci odroczonej kup teraz zap\u0142a\u0107 p\u00f3\u017aniej","rel":"","context":"Similar post","block_context":{"text":"Similar post","link":""},"img":{"alt_text":"","src":"https:\/\/i0.wp.com\/modowoo.com\/wp-content\/uploads\/2025\/01\/IMG_0477.jpg?fit=753%2C1200&ssl=1&resize=350%2C200","width":350,"height":200,"srcset":"https:\/\/i0.wp.com\/modowoo.com\/wp-content\/uploads\/2025\/01\/IMG_0477.jpg?fit=753%2C1200&ssl=1&resize=350%2C200 1x, https:\/\/i0.wp.com\/modowoo.com\/wp-content\/uploads\/2025\/01\/IMG_0477.jpg?fit=753%2C1200&ssl=1&resize=525%2C300 1.5x, https:\/\/i0.wp.com\/modowoo.com\/wp-content\/uploads\/2025\/01\/IMG_0477.jpg?fit=753%2C1200&ssl=1&resize=700%2C400 2x"},"classes":[]},{"id":14869,"url":"https:\/\/modowoo.com\/en\/product\/spodnie-jeans\/","url_meta":{"origin":15554,"position":2},"title":"Spodnie Jeans","author":"paula1993ck","date":"23 February 2025","format":false,"excerpt":"\u00a0 Darmowa dostawa od 299 z\u0142 Szybka wysy\u0142ka 1-3 dni Mo\u017cliwo\u015b\u0107 p\u0142atno\u015bci odroczonej kup teraz zap\u0142a\u0107 p\u00f3\u017aniej","rel":"","context":"Similar post","block_context":{"text":"Similar post","link":""},"img":{"alt_text":"","src":"https:\/\/i0.wp.com\/modowoo.com\/wp-content\/uploads\/2025\/02\/image8-%E2%80%94-kopia.jpeg?fit=867%2C1200&ssl=1&resize=350%2C200","width":350,"height":200,"srcset":"https:\/\/i0.wp.com\/modowoo.com\/wp-content\/uploads\/2025\/02\/image8-%E2%80%94-kopia.jpeg?fit=867%2C1200&ssl=1&resize=350%2C200 1x, https:\/\/i0.wp.com\/modowoo.com\/wp-content\/uploads\/2025\/02\/image8-%E2%80%94-kopia.jpeg?fit=867%2C1200&ssl=1&resize=525%2C300 1.5x, https:\/\/i0.wp.com\/modowoo.com\/wp-content\/uploads\/2025\/02\/image8-%E2%80%94-kopia.jpeg?fit=867%2C1200&ssl=1&resize=700%2C400 2x"},"classes":[]},{"id":2956,"url":"https:\/\/modowoo.com\/en\/product\/garnitur-3-czesciowy-top-spodnie-marynarka\/","url_meta":{"origin":15554,"position":3},"title":"Garnitur 3-Cz\u0119\u015bciowy Top, Spodnie, Marynarka","author":"paula1993ck","date":"2 April 2023","format":false,"excerpt":"Darmowa dostawa od 289 z\u0142 Szybka wysy\u0142ka 1-2 dni Mo\u017cliwo\u015b\u0107 p\u0142atno\u015bci odroczonej kup teraz zap\u0142a\u0107 p\u00f3\u017aniej","rel":"","context":"Similar post","block_context":{"text":"Similar post","link":""},"img":{"alt_text":"","src":"https:\/\/i0.wp.com\/modowoo.com\/wp-content\/uploads\/2023\/04\/IMG-6756-jpg.jpg?fit=761%2C1200&ssl=1&resize=350%2C200","width":350,"height":200,"srcset":"https:\/\/i0.wp.com\/modowoo.com\/wp-content\/uploads\/2023\/04\/IMG-6756-jpg.jpg?fit=761%2C1200&ssl=1&resize=350%2C200 1x, https:\/\/i0.wp.com\/modowoo.com\/wp-content\/uploads\/2023\/04\/IMG-6756-jpg.jpg?fit=761%2C1200&ssl=1&resize=525%2C300 1.5x, https:\/\/i0.wp.com\/modowoo.com\/wp-content\/uploads\/2023\/04\/IMG-6756-jpg.jpg?fit=761%2C1200&ssl=1&resize=700%2C400 2x"},"classes":[]},{"id":17352,"url":"https:\/\/modowoo.com\/en\/product\/leginsy-rew-czarne\/","url_meta":{"origin":15554,"position":4},"title":"Leginsy Rew Czarne","author":"paula1993ck","date":"17 November 2025","format":false,"excerpt":"Darmowa dostawa od 299 z\u0142 Szybka wysy\u0142ka 1-3 dni Mo\u017cliwo\u015b\u0107 p\u0142atno\u015bci odroczonej kup teraz zap\u0142a\u0107 p\u00f3\u017aniej","rel":"","context":"Similar post","block_context":{"text":"Similar post","link":""},"img":{"alt_text":"","src":"https:\/\/i0.wp.com\/modowoo.com\/wp-content\/uploads\/2025\/11\/IMG_7213.jpeg?fit=900%2C1200&ssl=1&resize=350%2C200","width":350,"height":200,"srcset":"https:\/\/i0.wp.com\/modowoo.com\/wp-content\/uploads\/2025\/11\/IMG_7213.jpeg?fit=900%2C1200&ssl=1&resize=350%2C200 1x, https:\/\/i0.wp.com\/modowoo.com\/wp-content\/uploads\/2025\/11\/IMG_7213.jpeg?fit=900%2C1200&ssl=1&resize=525%2C300 1.5x, https:\/\/i0.wp.com\/modowoo.com\/wp-content\/uploads\/2025\/11\/IMG_7213.jpeg?fit=900%2C1200&ssl=1&resize=700%2C400 2x"},"classes":[]},{"id":16850,"url":"https:\/\/modowoo.com\/en\/product\/komplet-dzianinowy-szary\/","url_meta":{"origin":15554,"position":5},"title":"Komplet Dzianinowy  Szary","author":"paula1993ck","date":"14 October 2025","format":false,"excerpt":"Darmowa dostawa od 299 z\u0142 Szybka wysy\u0142ka 1-3 dni Mo\u017cliwo\u015b\u0107 p\u0142atno\u015bci odroczonej kup teraz zap\u0142a\u0107 p\u00f3\u017aniej","rel":"","context":"Similar post","block_context":{"text":"Similar post","link":""},"img":{"alt_text":"","src":"https:\/\/i0.wp.com\/modowoo.com\/wp-content\/uploads\/2025\/10\/IMG_4045.jpeg?fit=766%2C1200&ssl=1&resize=350%2C200","width":350,"height":200,"srcset":"https:\/\/i0.wp.com\/modowoo.com\/wp-content\/uploads\/2025\/10\/IMG_4045.jpeg?fit=766%2C1200&ssl=1&resize=350%2C200 1x, https:\/\/i0.wp.com\/modowoo.com\/wp-content\/uploads\/2025\/10\/IMG_4045.jpeg?fit=766%2C1200&ssl=1&resize=525%2C300 1.5x, https:\/\/i0.wp.com\/modowoo.com\/wp-content\/uploads\/2025\/10\/IMG_4045.jpeg?fit=766%2C1200&ssl=1&resize=700%2C400 2x"},"classes":[]}],"_links":{"self":[{"href":"https:\/\/modowoo.com\/en\/wp-json\/wp\/v2\/product\/15554","targetHints":{"allow":["GET"]}}],"collection":[{"href":"https:\/\/modowoo.com\/en\/wp-json\/wp\/v2\/product"}],"about":[{"href":"https:\/\/modowoo.com\/en\/wp-json\/wp\/v2\/types\/product"}],"wp:featuredmedia":[{"embeddable":true,"href":"https:\/\/modowoo.com\/en\/wp-json\/wp\/v2\/media\/15546"}],"wp:attachment":[{"href":"https:\/\/modowoo.com\/en\/wp-json\/wp\/v2\/media?parent=15554"}],"wp:term":[{"taxonomy":"product_brand","embeddable":true,"href":"https:\/\/modowoo.com\/en\/wp-json\/wp\/v2\/product_brand?post=15554"},{"taxonomy":"product_cat","embeddable":true,"href":"https:\/\/modowoo.com\/en\/wp-json\/wp\/v2\/product_cat?post=15554"},{"taxonomy":"product_tag","embeddable":true,"href":"https:\/\/modowoo.com\/en\/wp-json\/wp\/v2\/product_tag?post=15554"}],"curies":[{"name":"wp","href":"https:\/\/api.w.org\/{rel}","templated":true}]}}