{"id":13324,"date":"2024-09-18T17:10:03","date_gmt":"2024-09-18T15:10:03","guid":{"rendered":"https:\/\/modowoo.com\/?post_type=product&#038;p=13324"},"modified":"2025-08-01T16:13:21","modified_gmt":"2025-08-01T14:13:21","slug":"kurtka-dwustronna","status":"publish","type":"product","link":"https:\/\/modowoo.com\/en\/product\/kurtka-dwustronna\/","title":{"rendered":"Kurtka Dwustronna"},"content":{"rendered":"<p>*Model grubszy spokojnie do -10 zim\u0105<\/p>\n<p>* Model dwustronny<\/p>\n<p>*kaptur mo\u017cna odpi\u0105\u0107<\/p>\n<p><b>Wymiary<\/b><\/p>\n<p><strong>36\/S<\/strong><\/p>\n<p>D\u0142. ca\u0142kowita &#8211; 46 cm<\/p>\n<p>Szer. od pachy do pachy &#8211; 53 cm<\/p>\n<p>D\u0142. r\u0119kawa od ramienia &#8211; 58 cm<\/p>\n<p>D\u0142. r\u0119kawa od pachy &#8211; 45 cm<\/p>\n<p><strong>38\/M<\/strong><\/p>\n<p>D\u0142. ca\u0142kowita &#8211; 48 cm<\/p>\n<p>Szer. od pachy do pachy &#8211; 54 cm<\/p>\n<p>D\u0142. r\u0119kawa od ramienia &#8211; 59 cm<\/p>\n<p>D\u0142. r\u0119kawa od pachy &#8211; 46 cm<\/p>\n<p><strong>40\/L<\/strong><\/p>\n<p>D\u0142. ca\u0142kowita &#8211; 50 cm<\/p>\n<p>Szer. od pachy do pachy &#8211; 55 cm<\/p>\n<p>D\u0142. r\u0119kawa od ramienia &#8211; 60 cm<\/p>\n<p>D\u0142. r\u0119kawa od pachy &#8211; 47 cm<\/p>\n<p><strong>42\/XL<\/strong><\/p>\n<p>D\u0142. ca\u0142kowita &#8211; 52 cm<\/p>\n<p>Szer. od pachy do pachy &#8211; 56 cm<\/p>\n<p>D\u0142. r\u0119kawa od ramienia &#8211; 61 cm<\/p>\n<p>D\u0142. r\u0119kawa od pachy &#8211; 48 cm<\/p>\n<p>&nbsp;<\/p>","protected":false},"excerpt":{"rendered":"<p>&nbsp;<\/p>\n<p><img decoding=\"async\" class=\"alignnone wp-image-635\" src=\"https:\/\/modowoo.com\/wp-content\/uploads\/2023\/01\/LogoMakr-1abwpF.png\" alt=\"\" width=\"62\" height=\"48\" \/> <strong>Darmowa dostawa<\/strong> od 299 z\u0142<\/p>\n<p><strong style=\"font-size: 16px; font-style: normal;\"><img decoding=\"async\" class=\"alignnone wp-image-637\" src=\"https:\/\/modowoo.com\/wp-content\/uploads\/2023\/01\/LogoMakr-6bAiOX.png\" alt=\"\" width=\"61\" height=\"51\" \/> Szybka wysy\u0142ka <\/strong>1-3 dni<\/p>\n<p><strong style=\"font-size: 16px; font-style: normal;\"><img decoding=\"async\" class=\"alignnone wp-image-646\" src=\"https:\/\/modowoo.com\/wp-content\/uploads\/2023\/01\/LogoMakr-0f4xnw.png\" alt=\"\" width=\"63\" height=\"54\" \/><\/strong><strong style=\"font-size: 16px;\">Mo\u017cliwo\u015b\u0107 p\u0142atno\u015bci odroczonej<\/strong><span style=\"font-size: 16px;\"> kup teraz zap\u0142a\u0107 p\u00f3\u017aniej<\/span><\/p>","protected":false},"featured_media":13316,"template":"","meta":{"_crdt_document":"","site-sidebar-layout":"default","site-content-layout":"","ast-site-content-layout":"default","site-content-style":"default","site-sidebar-style":"default","ast-global-header-display":"","ast-banner-title-visibility":"","ast-main-header-display":"","ast-hfb-above-header-display":"","ast-hfb-below-header-display":"","ast-hfb-mobile-header-display":"","site-post-title":"","ast-breadcrumbs-content":"","ast-featured-img":"","footer-sml-layout":"","theme-transparent-header-meta":"default","adv-header-id-meta":"","stick-header-meta":"","header-above-stick-meta":"","header-main-stick-meta":"","header-below-stick-meta":"","astra-migrate-meta-layouts":"set","ast-page-background-enabled":"default","ast-page-background-meta":{"desktop":{"background-color":"var(--ast-global-color-4)","background-image":"","background-repeat":"repeat","background-position":"center center","background-size":"auto","background-attachment":"scroll","background-type":"","background-media":"","overlay-type":"","overlay-color":"","overlay-gradient":""},"tablet":{"background-color":"","background-image":"","background-repeat":"repeat","background-position":"center center","background-size":"auto","background-attachment":"scroll","background-type":"","background-media":"","overlay-type":"","overlay-color":"","overlay-gradient":""},"mobile":{"background-color":"","background-image":"","background-repeat":"repeat","background-position":"center center","background-size":"auto","background-attachment":"scroll","background-type":"","background-media":"","overlay-type":"","overlay-color":"","overlay-gradient":""}},"ast-content-background-meta":{"desktop":{"background-color":"var(--ast-global-color-5)","background-image":"","background-repeat":"repeat","background-position":"center center","background-size":"auto","background-attachment":"scroll","background-type":"","background-media":"","overlay-type":"","overlay-color":"","overlay-gradient":""},"tablet":{"background-color":"var(--ast-global-color-5)","background-image":"","background-repeat":"repeat","background-position":"center center","background-size":"auto","background-attachment":"scroll","background-type":"","background-media":"","overlay-type":"","overlay-color":"","overlay-gradient":""},"mobile":{"background-color":"var(--ast-global-color-5)","background-image":"","background-repeat":"repeat","background-position":"center center","background-size":"auto","background-attachment":"scroll","background-type":"","background-media":"","overlay-type":"","overlay-color":"","overlay-gradient":""}},"advanced_seo_description":"","jetpack_seo_html_title":"","jetpack_seo_noindex":false,"jetpack_publicize_message":"","jetpack_publicize_feature_enabled":true,"jetpack_social_post_already_shared":true,"jetpack_social_options":{"image_generator_settings":{"template":"highway","default_image_id":0,"font":"","enabled":false},"version":2},"_wpas_customize_per_network":false},"product_brand":[],"product_cat":[14821,14828],"product_tag":[],"class_list":{"0":"post-13324","1":"product","2":"type-product","3":"status-publish","4":"has-post-thumbnail","6":"product_cat-kurtki","7":"product_cat-nowosci","8":"desktop-align-center","9":"tablet-align-left","10":"mobile-align-left","12":"first","13":"instock","14":"shipping-taxable","15":"purchasable","16":"product-type-variable"},"jetpack_publicize_connections":[],"jetpack_likes_enabled":true,"jetpack_sharing_enabled":true,"jetpack-related-posts":[{"id":2956,"url":"https:\/\/modowoo.com\/en\/product\/garnitur-3-czesciowy-top-spodnie-marynarka\/","url_meta":{"origin":13324,"position":0},"title":"Garnitur 3-Cz\u0119\u015bciowy Top, Spodnie, Marynarka","author":"paula1993ck","date":"2 April 2023","format":false,"excerpt":"Darmowa dostawa od 289 z\u0142 Szybka wysy\u0142ka 1-2 dni Mo\u017cliwo\u015b\u0107 p\u0142atno\u015bci odroczonej kup teraz zap\u0142a\u0107 p\u00f3\u017aniej","rel":"","context":"Similar post","block_context":{"text":"Similar post","link":""},"img":{"alt_text":"","src":"https:\/\/i0.wp.com\/modowoo.com\/wp-content\/uploads\/2023\/04\/IMG-6756-jpg.jpg?fit=761%2C1200&ssl=1&resize=350%2C200","width":350,"height":200,"srcset":"https:\/\/i0.wp.com\/modowoo.com\/wp-content\/uploads\/2023\/04\/IMG-6756-jpg.jpg?fit=761%2C1200&ssl=1&resize=350%2C200 1x, https:\/\/i0.wp.com\/modowoo.com\/wp-content\/uploads\/2023\/04\/IMG-6756-jpg.jpg?fit=761%2C1200&ssl=1&resize=525%2C300 1.5x, https:\/\/i0.wp.com\/modowoo.com\/wp-content\/uploads\/2023\/04\/IMG-6756-jpg.jpg?fit=761%2C1200&ssl=1&resize=700%2C400 2x"},"classes":[]},{"id":16850,"url":"https:\/\/modowoo.com\/en\/product\/komplet-dzianinowy-szary\/","url_meta":{"origin":13324,"position":1},"title":"Komplet Dzianinowy  Szary","author":"paula1993ck","date":"14 October 2025","format":false,"excerpt":"Darmowa dostawa od 299 z\u0142 Szybka wysy\u0142ka 1-3 dni Mo\u017cliwo\u015b\u0107 p\u0142atno\u015bci odroczonej kup teraz zap\u0142a\u0107 p\u00f3\u017aniej","rel":"","context":"Similar post","block_context":{"text":"Similar post","link":""},"img":{"alt_text":"","src":"https:\/\/i0.wp.com\/modowoo.com\/wp-content\/uploads\/2025\/10\/IMG_4045.jpeg?fit=766%2C1200&ssl=1&resize=350%2C200","width":350,"height":200,"srcset":"https:\/\/i0.wp.com\/modowoo.com\/wp-content\/uploads\/2025\/10\/IMG_4045.jpeg?fit=766%2C1200&ssl=1&resize=350%2C200 1x, https:\/\/i0.wp.com\/modowoo.com\/wp-content\/uploads\/2025\/10\/IMG_4045.jpeg?fit=766%2C1200&ssl=1&resize=525%2C300 1.5x, https:\/\/i0.wp.com\/modowoo.com\/wp-content\/uploads\/2025\/10\/IMG_4045.jpeg?fit=766%2C1200&ssl=1&resize=700%2C400 2x"},"classes":[]},{"id":16801,"url":"https:\/\/modowoo.com\/en\/product\/komplet-2\/","url_meta":{"origin":13324,"position":2},"title":"Komplet Dzianinowy  Camel","author":"paula1993ck","date":"12 October 2025","format":false,"excerpt":"Darmowa dostawa od 299 z\u0142 Szybka wysy\u0142ka 1-3 dni Mo\u017cliwo\u015b\u0107 p\u0142atno\u015bci odroczonej kup teraz zap\u0142a\u0107 p\u00f3\u017aniej","rel":"","context":"Similar post","block_context":{"text":"Similar post","link":""},"img":{"alt_text":"","src":"https:\/\/i0.wp.com\/modowoo.com\/wp-content\/uploads\/2025\/10\/IMG_3871.jpeg?fit=809%2C1200&ssl=1&resize=350%2C200","width":350,"height":200,"srcset":"https:\/\/i0.wp.com\/modowoo.com\/wp-content\/uploads\/2025\/10\/IMG_3871.jpeg?fit=809%2C1200&ssl=1&resize=350%2C200 1x, https:\/\/i0.wp.com\/modowoo.com\/wp-content\/uploads\/2025\/10\/IMG_3871.jpeg?fit=809%2C1200&ssl=1&resize=525%2C300 1.5x, https:\/\/i0.wp.com\/modowoo.com\/wp-content\/uploads\/2025\/10\/IMG_3871.jpeg?fit=809%2C1200&ssl=1&resize=700%2C400 2x"},"classes":[]},{"id":16811,"url":"https:\/\/modowoo.com\/en\/product\/komplet-3\/","url_meta":{"origin":13324,"position":3},"title":"Komplet Dzianinowy  \u015amietanka","author":"paula1993ck","date":"12 October 2025","format":false,"excerpt":"Darmowa dostawa od 299 z\u0142 Szybka wysy\u0142ka 1-3 dni Mo\u017cliwo\u015b\u0107 p\u0142atno\u015bci odroczonej kup teraz zap\u0142a\u0107 p\u00f3\u017aniej","rel":"","context":"Similar post","block_context":{"text":"Similar post","link":""},"img":{"alt_text":"","src":"https:\/\/i0.wp.com\/modowoo.com\/wp-content\/uploads\/2025\/10\/IMG_3841.jpeg?fit=821%2C1200&ssl=1&resize=350%2C200","width":350,"height":200,"srcset":"https:\/\/i0.wp.com\/modowoo.com\/wp-content\/uploads\/2025\/10\/IMG_3841.jpeg?fit=821%2C1200&ssl=1&resize=350%2C200 1x, https:\/\/i0.wp.com\/modowoo.com\/wp-content\/uploads\/2025\/10\/IMG_3841.jpeg?fit=821%2C1200&ssl=1&resize=525%2C300 1.5x, https:\/\/i0.wp.com\/modowoo.com\/wp-content\/uploads\/2025\/10\/IMG_3841.jpeg?fit=821%2C1200&ssl=1&resize=700%2C400 2x"},"classes":[]},{"id":16907,"url":"https:\/\/modowoo.com\/en\/product\/komplet-dzianinowy-czarny\/","url_meta":{"origin":13324,"position":4},"title":"Komplet Dzianinowy  Czarny","author":"paula1993ck","date":"21 October 2025","format":false,"excerpt":"Darmowa dostawa od 299 z\u0142 Szybka wysy\u0142ka 1-3 dni Mo\u017cliwo\u015b\u0107 p\u0142atno\u015bci odroczonej kup teraz zap\u0142a\u0107 p\u00f3\u017aniej","rel":"","context":"Similar post","block_context":{"text":"Similar post","link":""},"img":{"alt_text":"","src":"https:\/\/i0.wp.com\/modowoo.com\/wp-content\/uploads\/2025\/10\/IMG_4603.jpeg?fit=900%2C1200&ssl=1&resize=350%2C200","width":350,"height":200,"srcset":"https:\/\/i0.wp.com\/modowoo.com\/wp-content\/uploads\/2025\/10\/IMG_4603.jpeg?fit=900%2C1200&ssl=1&resize=350%2C200 1x, https:\/\/i0.wp.com\/modowoo.com\/wp-content\/uploads\/2025\/10\/IMG_4603.jpeg?fit=900%2C1200&ssl=1&resize=525%2C300 1.5x, https:\/\/i0.wp.com\/modowoo.com\/wp-content\/uploads\/2025\/10\/IMG_4603.jpeg?fit=900%2C1200&ssl=1&resize=700%2C400 2x"},"classes":[]},{"id":10586,"url":"https:\/\/modowoo.com\/en\/product\/komplet-liro-bez\/","url_meta":{"origin":13324,"position":5},"title":"Komplet Liro Be\u017c","author":"paula1993ck","date":"7 January 2024","format":false,"excerpt":"Rozmiar: Uniwersalny\u00a0 Darmowa dostawa od 299 z\u0142 Szybka wysy\u0142ka 1-2 dni Mo\u017cliwo\u015b\u0107 p\u0142atno\u015bci odroczonej kup teraz zap\u0142a\u0107 p\u00f3\u017aniej","rel":"","context":"Similar post","block_context":{"text":"Similar post","link":""},"img":{"alt_text":"","src":"https:\/\/i0.wp.com\/modowoo.com\/wp-content\/uploads\/2024\/01\/IMG_4722_jpg.jpg?fit=787%2C1200&ssl=1&resize=350%2C200","width":350,"height":200,"srcset":"https:\/\/i0.wp.com\/modowoo.com\/wp-content\/uploads\/2024\/01\/IMG_4722_jpg.jpg?fit=787%2C1200&ssl=1&resize=350%2C200 1x, https:\/\/i0.wp.com\/modowoo.com\/wp-content\/uploads\/2024\/01\/IMG_4722_jpg.jpg?fit=787%2C1200&ssl=1&resize=525%2C300 1.5x, https:\/\/i0.wp.com\/modowoo.com\/wp-content\/uploads\/2024\/01\/IMG_4722_jpg.jpg?fit=787%2C1200&ssl=1&resize=700%2C400 2x"},"classes":[]}],"_links":{"self":[{"href":"https:\/\/modowoo.com\/en\/wp-json\/wp\/v2\/product\/13324","targetHints":{"allow":["GET"]}}],"collection":[{"href":"https:\/\/modowoo.com\/en\/wp-json\/wp\/v2\/product"}],"about":[{"href":"https:\/\/modowoo.com\/en\/wp-json\/wp\/v2\/types\/product"}],"wp:featuredmedia":[{"embeddable":true,"href":"https:\/\/modowoo.com\/en\/wp-json\/wp\/v2\/media\/13316"}],"wp:attachment":[{"href":"https:\/\/modowoo.com\/en\/wp-json\/wp\/v2\/media?parent=13324"}],"wp:term":[{"taxonomy":"product_brand","embeddable":true,"href":"https:\/\/modowoo.com\/en\/wp-json\/wp\/v2\/product_brand?post=13324"},{"taxonomy":"product_cat","embeddable":true,"href":"https:\/\/modowoo.com\/en\/wp-json\/wp\/v2\/product_cat?post=13324"},{"taxonomy":"product_tag","embeddable":true,"href":"https:\/\/modowoo.com\/en\/wp-json\/wp\/v2\/product_tag?post=13324"}],"curies":[{"name":"wp","href":"https:\/\/api.w.org\/{rel}","templated":true}]}}