{"id":13235,"date":"2024-08-25T13:20:42","date_gmt":"2024-08-25T11:20:42","guid":{"rendered":"https:\/\/modowoo.com\/?post_type=product&#038;p=13235"},"modified":"2024-08-25T13:34:31","modified_gmt":"2024-08-25T11:34:31","slug":"komplet-panters-falbana","status":"publish","type":"product","link":"https:\/\/modowoo.com\/en\/product\/komplet-panters-falbana\/","title":{"rendered":"Komplet Panters Falbana"},"content":{"rendered":"<p>*Bluza model oversize<\/p>\n<p>*Leginsy pr\u0105zek dopasowane polecamy dla S M ma\u0142e L<\/p>\n<p>Sk\u0142ad materia\u0142u 95% Bawe\u0142na\u00a0 5% Elastan<\/p>\n<p><strong>Wymiary\u00a0<\/strong><\/p>\n<p><b>Bluza:<\/b><\/p>\n<p>Ca\u0142kowita d\u0142ugo\u015b\u0107: 69 cm<br \/>\nSzeroko\u015b\u0107<span class=\"Apple-converted-space\">\u00a0\u00a0<\/span>pod pachami: 72 cm x2<br \/>\nR\u0119kaw: 74 cm<\/p>\n<p><b>Spodnie:<\/b><\/p>\n<p>Ca\u0142kowita d\u0142ugo\u015b\u0107: 96 cm<br \/>\nSzeroko\u015b\u0107 w pasie: 30 cm<\/p>\n<p>Szeroko\u015b\u0107 w biodrach: 32 cm<\/p>\n<p>Modelka jest wzrostu 168 cm, nosi rozmiar S\/M.<\/p>\n<p>Odzie\u017c mierzona na p\u0142asko. Poszczeg\u00f3lne wymiary mog\u0105 si\u0119 r\u00f3\u017cni\u0107 o +\/- 2 cm.<\/p>\n<p>Pra\u0107 w 30 stopniach<\/p>\n<p>&nbsp;<\/p>","protected":false},"excerpt":{"rendered":"<p><strong>Rozmiar: Uniwersalny\u00a0<\/strong><\/p>\n<p><img decoding=\"async\" class=\"alignnone wp-image-635\" src=\"https:\/\/modowoo.com\/wp-content\/uploads\/2023\/01\/LogoMakr-1abwpF.png\" alt=\"\" width=\"62\" height=\"48\" \/> <strong>Darmowa dostawa<\/strong> od 299 z\u0142<\/p>\n<p><strong style=\"font-size: 16px; font-style: normal;\"><img decoding=\"async\" class=\"alignnone wp-image-637\" src=\"https:\/\/modowoo.com\/wp-content\/uploads\/2023\/01\/LogoMakr-6bAiOX.png\" alt=\"\" width=\"61\" height=\"51\" \/> Szybka wysy\u0142ka <\/strong>1-3 dni<\/p>\n<p><strong style=\"font-size: 16px; font-style: normal;\"><img decoding=\"async\" class=\"alignnone wp-image-646\" src=\"https:\/\/modowoo.com\/wp-content\/uploads\/2023\/01\/LogoMakr-0f4xnw.png\" alt=\"\" width=\"63\" height=\"54\" \/><\/strong><strong style=\"font-size: 16px;\">Mo\u017cliwo\u015b\u0107 p\u0142atno\u015bci odroczonej<\/strong><span style=\"font-size: 16px;\"> kup teraz zap\u0142a\u0107 p\u00f3\u017aniej<\/span><\/p>","protected":false},"featured_media":13218,"template":"","meta":{"_crdt_document":"","site-sidebar-layout":"default","site-content-layout":"","ast-site-content-layout":"default","site-content-style":"default","site-sidebar-style":"default","ast-global-header-display":"","ast-banner-title-visibility":"","ast-main-header-display":"","ast-hfb-above-header-display":"","ast-hfb-below-header-display":"","ast-hfb-mobile-header-display":"","site-post-title":"","ast-breadcrumbs-content":"","ast-featured-img":"","footer-sml-layout":"","theme-transparent-header-meta":"default","adv-header-id-meta":"","stick-header-meta":"","header-above-stick-meta":"","header-main-stick-meta":"","header-below-stick-meta":"","astra-migrate-meta-layouts":"set","ast-page-background-enabled":"default","ast-page-background-meta":{"desktop":{"background-color":"var(--ast-global-color-4)","background-image":"","background-repeat":"repeat","background-position":"center center","background-size":"auto","background-attachment":"scroll","background-type":"","background-media":"","overlay-type":"","overlay-color":"","overlay-gradient":""},"tablet":{"background-color":"","background-image":"","background-repeat":"repeat","background-position":"center center","background-size":"auto","background-attachment":"scroll","background-type":"","background-media":"","overlay-type":"","overlay-color":"","overlay-gradient":""},"mobile":{"background-color":"","background-image":"","background-repeat":"repeat","background-position":"center center","background-size":"auto","background-attachment":"scroll","background-type":"","background-media":"","overlay-type":"","overlay-color":"","overlay-gradient":""}},"ast-content-background-meta":{"desktop":{"background-color":"var(--ast-global-color-5)","background-image":"","background-repeat":"repeat","background-position":"center center","background-size":"auto","background-attachment":"scroll","background-type":"","background-media":"","overlay-type":"","overlay-color":"","overlay-gradient":""},"tablet":{"background-color":"var(--ast-global-color-5)","background-image":"","background-repeat":"repeat","background-position":"center center","background-size":"auto","background-attachment":"scroll","background-type":"","background-media":"","overlay-type":"","overlay-color":"","overlay-gradient":""},"mobile":{"background-color":"var(--ast-global-color-5)","background-image":"","background-repeat":"repeat","background-position":"center center","background-size":"auto","background-attachment":"scroll","background-type":"","background-media":"","overlay-type":"","overlay-color":"","overlay-gradient":""}},"advanced_seo_description":"","jetpack_seo_html_title":"","jetpack_seo_noindex":false,"jetpack_publicize_message":"","jetpack_publicize_feature_enabled":true,"jetpack_social_post_already_shared":true,"jetpack_social_options":{"image_generator_settings":{"template":"highway","default_image_id":0,"font":"","enabled":false},"version":2},"_wpas_customize_per_network":false},"product_brand":[],"product_cat":[14883,14828],"product_tag":[],"class_list":{"0":"post-13235","1":"product","2":"type-product","3":"status-publish","4":"has-post-thumbnail","6":"product_cat-komplety","7":"product_cat-nowosci","8":"desktop-align-center","9":"tablet-align-left","10":"mobile-align-left","12":"first","13":"instock","14":"shipping-taxable","15":"purchasable","16":"product-type-simple"},"jetpack_publicize_connections":[],"jetpack_likes_enabled":true,"jetpack_sharing_enabled":true,"jetpack-related-posts":[{"id":17969,"url":"https:\/\/modowoo.com\/en\/product\/komplet-dresowy\/","url_meta":{"origin":13235,"position":0},"title":"Komplet Dresowy","author":"paula1993ck","date":"1 February 2026","format":false,"excerpt":"Rozmiar: Uniwersalny\u00a0 Darmowa dostawa od 299 z\u0142 Szybka wysy\u0142ka 1-3 dni Mo\u017cliwo\u015b\u0107 p\u0142atno\u015bci odroczonej kup teraz zap\u0142a\u0107 p\u00f3\u017aniej","rel":"","context":"Similar post","block_context":{"text":"Similar post","link":""},"img":{"alt_text":"","src":"https:\/\/i0.wp.com\/modowoo.com\/wp-content\/uploads\/2026\/02\/IMG_0327.jpeg?fit=900%2C1200&ssl=1&resize=350%2C200","width":350,"height":200,"srcset":"https:\/\/i0.wp.com\/modowoo.com\/wp-content\/uploads\/2026\/02\/IMG_0327.jpeg?fit=900%2C1200&ssl=1&resize=350%2C200 1x, https:\/\/i0.wp.com\/modowoo.com\/wp-content\/uploads\/2026\/02\/IMG_0327.jpeg?fit=900%2C1200&ssl=1&resize=525%2C300 1.5x, https:\/\/i0.wp.com\/modowoo.com\/wp-content\/uploads\/2026\/02\/IMG_0327.jpeg?fit=900%2C1200&ssl=1&resize=700%2C400 2x"},"classes":[]},{"id":17968,"url":"https:\/\/modowoo.com\/en\/product\/komplet-dresowy-roz\/","url_meta":{"origin":13235,"position":1},"title":"Komplet Dresowy R\u00f3\u017c","author":"paula1993ck","date":"1 February 2026","format":false,"excerpt":"Rozmiar: Uniwersalny\u00a0 Darmowa dostawa od 299 z\u0142 Szybka wysy\u0142ka 1-3 dni Mo\u017cliwo\u015b\u0107 p\u0142atno\u015bci odroczonej kup teraz zap\u0142a\u0107 p\u00f3\u017aniej","rel":"","context":"Similar post","block_context":{"text":"Similar post","link":""},"img":{"alt_text":"","src":"https:\/\/i0.wp.com\/modowoo.com\/wp-content\/uploads\/2026\/02\/IMG_0321.jpeg?fit=900%2C1200&ssl=1&resize=350%2C200","width":350,"height":200,"srcset":"https:\/\/i0.wp.com\/modowoo.com\/wp-content\/uploads\/2026\/02\/IMG_0321.jpeg?fit=900%2C1200&ssl=1&resize=350%2C200 1x, https:\/\/i0.wp.com\/modowoo.com\/wp-content\/uploads\/2026\/02\/IMG_0321.jpeg?fit=900%2C1200&ssl=1&resize=525%2C300 1.5x, https:\/\/i0.wp.com\/modowoo.com\/wp-content\/uploads\/2026\/02\/IMG_0321.jpeg?fit=900%2C1200&ssl=1&resize=700%2C400 2x"},"classes":[]},{"id":17854,"url":"https:\/\/modowoo.com\/en\/product\/komplet-cytryna\/","url_meta":{"origin":13235,"position":2},"title":"Komplet Cytryna","author":"paula1993ck","date":"22 January 2026","format":false,"excerpt":"Rozmiar: Uniwersalny\u00a0 Darmowa dostawa od 299 z\u0142 Szybka wysy\u0142ka 1-3 dni Mo\u017cliwo\u015b\u0107 p\u0142atno\u015bci odroczonej kup teraz zap\u0142a\u0107 p\u00f3\u017aniej","rel":"","context":"Similar post","block_context":{"text":"Similar post","link":""},"img":{"alt_text":"","src":"https:\/\/i0.wp.com\/modowoo.com\/wp-content\/uploads\/2026\/01\/IMG_9287.jpeg?fit=918%2C1200&ssl=1&resize=350%2C200","width":350,"height":200,"srcset":"https:\/\/i0.wp.com\/modowoo.com\/wp-content\/uploads\/2026\/01\/IMG_9287.jpeg?fit=918%2C1200&ssl=1&resize=350%2C200 1x, https:\/\/i0.wp.com\/modowoo.com\/wp-content\/uploads\/2026\/01\/IMG_9287.jpeg?fit=918%2C1200&ssl=1&resize=525%2C300 1.5x, https:\/\/i0.wp.com\/modowoo.com\/wp-content\/uploads\/2026\/01\/IMG_9287.jpeg?fit=918%2C1200&ssl=1&resize=700%2C400 2x"},"classes":[]},{"id":17862,"url":"https:\/\/modowoo.com\/en\/product\/komplet-puder\/","url_meta":{"origin":13235,"position":3},"title":"Komplet Puder","author":"paula1993ck","date":"22 January 2026","format":false,"excerpt":"Rozmiar: Uniwersalny\u00a0 Darmowa dostawa od 299 z\u0142 Szybka wysy\u0142ka 1-3 dni Mo\u017cliwo\u015b\u0107 p\u0142atno\u015bci odroczonej kup teraz zap\u0142a\u0107 p\u00f3\u017aniej","rel":"","context":"Similar post","block_context":{"text":"Similar post","link":""},"img":{"alt_text":"","src":"https:\/\/i0.wp.com\/modowoo.com\/wp-content\/uploads\/2026\/01\/IMG_9275.jpeg?fit=900%2C1200&ssl=1&resize=350%2C200","width":350,"height":200,"srcset":"https:\/\/i0.wp.com\/modowoo.com\/wp-content\/uploads\/2026\/01\/IMG_9275.jpeg?fit=900%2C1200&ssl=1&resize=350%2C200 1x, https:\/\/i0.wp.com\/modowoo.com\/wp-content\/uploads\/2026\/01\/IMG_9275.jpeg?fit=900%2C1200&ssl=1&resize=525%2C300 1.5x, https:\/\/i0.wp.com\/modowoo.com\/wp-content\/uploads\/2026\/01\/IMG_9275.jpeg?fit=900%2C1200&ssl=1&resize=700%2C400 2x"},"classes":[]},{"id":17973,"url":"https:\/\/modowoo.com\/en\/product\/komplet-dresowy-puder\/","url_meta":{"origin":13235,"position":4},"title":"Komplet Dresowy Puder","author":"paula1993ck","date":"1 February 2026","format":false,"excerpt":"Rozmiar: Uniwersalny\u00a0 Darmowa dostawa od 299 z\u0142 Szybka wysy\u0142ka 1-3 dni Mo\u017cliwo\u015b\u0107 p\u0142atno\u015bci odroczonej kup teraz zap\u0142a\u0107 p\u00f3\u017aniej","rel":"","context":"Similar post","block_context":{"text":"Similar post","link":""},"img":{"alt_text":"","src":"https:\/\/i0.wp.com\/modowoo.com\/wp-content\/uploads\/2026\/02\/IMG_0279.jpeg?fit=889%2C1200&ssl=1&resize=350%2C200","width":350,"height":200,"srcset":"https:\/\/i0.wp.com\/modowoo.com\/wp-content\/uploads\/2026\/02\/IMG_0279.jpeg?fit=889%2C1200&ssl=1&resize=350%2C200 1x, https:\/\/i0.wp.com\/modowoo.com\/wp-content\/uploads\/2026\/02\/IMG_0279.jpeg?fit=889%2C1200&ssl=1&resize=525%2C300 1.5x, https:\/\/i0.wp.com\/modowoo.com\/wp-content\/uploads\/2026\/02\/IMG_0279.jpeg?fit=889%2C1200&ssl=1&resize=700%2C400 2x"},"classes":[]},{"id":17951,"url":"https:\/\/modowoo.com\/en\/product\/komplet-dresowy-akways\/","url_meta":{"origin":13235,"position":5},"title":"Komplet Dresowy Always  Be\u017c","author":"paula1993ck","date":"1 February 2026","format":false,"excerpt":"Rozmiar: Uniwersalny\u00a0 Darmowa dostawa od 299 z\u0142 Szybka wysy\u0142ka 1-3 dni Mo\u017cliwo\u015b\u0107 p\u0142atno\u015bci odroczonej kup teraz zap\u0142a\u0107 p\u00f3\u017aniej","rel":"","context":"Similar post","block_context":{"text":"Similar post","link":""},"img":{"alt_text":"","src":"https:\/\/i0.wp.com\/modowoo.com\/wp-content\/uploads\/2026\/02\/IMG_0319.jpeg?fit=900%2C1200&ssl=1&resize=350%2C200","width":350,"height":200,"srcset":"https:\/\/i0.wp.com\/modowoo.com\/wp-content\/uploads\/2026\/02\/IMG_0319.jpeg?fit=900%2C1200&ssl=1&resize=350%2C200 1x, https:\/\/i0.wp.com\/modowoo.com\/wp-content\/uploads\/2026\/02\/IMG_0319.jpeg?fit=900%2C1200&ssl=1&resize=525%2C300 1.5x, https:\/\/i0.wp.com\/modowoo.com\/wp-content\/uploads\/2026\/02\/IMG_0319.jpeg?fit=900%2C1200&ssl=1&resize=700%2C400 2x"},"classes":[]}],"_links":{"self":[{"href":"https:\/\/modowoo.com\/en\/wp-json\/wp\/v2\/product\/13235","targetHints":{"allow":["GET"]}}],"collection":[{"href":"https:\/\/modowoo.com\/en\/wp-json\/wp\/v2\/product"}],"about":[{"href":"https:\/\/modowoo.com\/en\/wp-json\/wp\/v2\/types\/product"}],"wp:featuredmedia":[{"embeddable":true,"href":"https:\/\/modowoo.com\/en\/wp-json\/wp\/v2\/media\/13218"}],"wp:attachment":[{"href":"https:\/\/modowoo.com\/en\/wp-json\/wp\/v2\/media?parent=13235"}],"wp:term":[{"taxonomy":"product_brand","embeddable":true,"href":"https:\/\/modowoo.com\/en\/wp-json\/wp\/v2\/product_brand?post=13235"},{"taxonomy":"product_cat","embeddable":true,"href":"https:\/\/modowoo.com\/en\/wp-json\/wp\/v2\/product_cat?post=13235"},{"taxonomy":"product_tag","embeddable":true,"href":"https:\/\/modowoo.com\/en\/wp-json\/wp\/v2\/product_tag?post=13235"}],"curies":[{"name":"wp","href":"https:\/\/api.w.org\/{rel}","templated":true}]}}