{"id":930,"date":"2023-01-31T17:24:15","date_gmt":"2023-01-31T16:24:15","guid":{"rendered":"https:\/\/modowoo.com\/?page_id=930"},"modified":"2023-01-31T17:57:10","modified_gmt":"2023-01-31T16:57:10","slug":"program-lojalnosciowy","status":"publish","type":"page","link":"https:\/\/modowoo.com\/en\/program-lojalnosciowy\/","title":{"rendered":"Program lojalno\u015bciowy"},"content":{"rendered":"<div data-elementor-type=\"wp-page\" data-elementor-id=\"930\" class=\"elementor elementor-930\" data-elementor-post-type=\"page\">\n\t\t\t\t\t\t<section class=\"elementor-section elementor-top-section elementor-element elementor-element-3f15e79 elementor-section-boxed elementor-section-height-default elementor-section-height-default\" data-id=\"3f15e79\" data-element_type=\"section\" data-e-type=\"section\">\n\t\t\t\t\t\t<div class=\"elementor-container elementor-column-gap-default\">\n\t\t\t\t\t<div class=\"elementor-column elementor-col-100 elementor-top-column elementor-element elementor-element-ca0968b\" data-id=\"ca0968b\" data-element_type=\"column\" data-e-type=\"column\">\n\t\t\t<div class=\"elementor-widget-wrap elementor-element-populated\">\n\t\t\t\t\t\t<div class=\"elementor-element elementor-element-4e1962c elementor-hidden-desktop elementor-hidden-tablet elementor-widget elementor-widget-heading\" data-id=\"4e1962c\" data-element_type=\"widget\" data-e-type=\"widget\" data-widget_type=\"heading.default\">\n\t\t\t\t<div class=\"elementor-widget-container\">\n\t\t\t\t\t<h5 class=\"elementor-heading-title elementor-size-default\">DO\u0141\u0104CZ DO PROGRAMU LOJALNO\u015aCIOWEGO MODOWOO<\/h5>\t\t\t\t<\/div>\n\t\t\t\t<\/div>\n\t\t\t\t\t<\/div>\n\t\t<\/div>\n\t\t\t\t\t<\/div>\n\t\t<\/section>\n\t\t\t\t<section class=\"elementor-section elementor-top-section elementor-element elementor-element-b58d439 elementor-section-boxed elementor-section-height-default elementor-section-height-default\" data-id=\"b58d439\" data-element_type=\"section\" data-e-type=\"section\">\n\t\t\t\t\t\t<div class=\"elementor-container elementor-column-gap-default\">\n\t\t\t\t\t<div class=\"elementor-column elementor-col-100 elementor-top-column elementor-element elementor-element-1717cc9\" data-id=\"1717cc9\" data-element_type=\"column\" data-e-type=\"column\">\n\t\t\t<div class=\"elementor-widget-wrap elementor-element-populated\">\n\t\t\t\t\t\t<div class=\"elementor-element elementor-element-5f9e929 elementor-widget elementor-widget-spacer\" data-id=\"5f9e929\" data-element_type=\"widget\" data-e-type=\"widget\" data-widget_type=\"spacer.default\">\n\t\t\t\t<div class=\"elementor-widget-container\">\n\t\t\t\t\t\t\t<div class=\"elementor-spacer\">\n\t\t\t<div class=\"elementor-spacer-inner\"><\/div>\n\t\t<\/div>\n\t\t\t\t\t\t<\/div>\n\t\t\t\t<\/div>\n\t\t\t\t<div class=\"elementor-element elementor-element-b0bf883 elementor-widget elementor-widget-heading\" data-id=\"b0bf883\" data-element_type=\"widget\" data-e-type=\"widget\" data-widget_type=\"heading.default\">\n\t\t\t\t<div class=\"elementor-widget-container\">\n\t\t\t\t\t<h1 class=\"elementor-heading-title elementor-size-default\">DO\u0141\u0104CZ DO PROGRAMU LOJALNO\u015aCIOWEGO MODOWOO<\/h1>\t\t\t\t<\/div>\n\t\t\t\t<\/div>\n\t\t\t\t<div class=\"elementor-element elementor-element-a4fa7d0 elementor-widget elementor-widget-heading\" data-id=\"a4fa7d0\" data-element_type=\"widget\" data-e-type=\"widget\" data-widget_type=\"heading.default\">\n\t\t\t\t<div class=\"elementor-widget-container\">\n\t\t\t\t\t<h1 class=\"elementor-heading-title elementor-size-default\">CO ZYSKASZ?<\/h1>\t\t\t\t<\/div>\n\t\t\t\t<\/div>\n\t\t\t\t\t<\/div>\n\t\t<\/div>\n\t\t\t\t\t<\/div>\n\t\t<\/section>\n\t\t\t\t<section class=\"elementor-section elementor-top-section elementor-element elementor-element-c712c10 elementor-section-boxed elementor-section-height-default elementor-section-height-default\" data-id=\"c712c10\" data-element_type=\"section\" data-e-type=\"section\">\n\t\t\t\t\t\t<div class=\"elementor-container elementor-column-gap-default\">\n\t\t\t\t\t<div class=\"elementor-column elementor-col-25 elementor-top-column elementor-element elementor-element-001fc81\" data-id=\"001fc81\" data-element_type=\"column\" data-e-type=\"column\">\n\t\t\t<div class=\"elementor-widget-wrap elementor-element-populated\">\n\t\t\t\t\t\t<div class=\"elementor-element elementor-element-46bcc0d elementor-view-default elementor-position-block-start elementor-mobile-position-block-start elementor-widget elementor-widget-icon-box\" data-id=\"46bcc0d\" data-element_type=\"widget\" data-e-type=\"widget\" data-widget_type=\"icon-box.default\">\n\t\t\t\t<div class=\"elementor-widget-container\">\n\t\t\t\t\t\t\t<div class=\"elementor-icon-box-wrapper\">\n\n\t\t\t\t\t\t<div class=\"elementor-icon-box-icon\">\n\t\t\t\t<span  class=\"elementor-icon\">\n\t\t\t\t<i aria-hidden=\"true\" class=\"fas fa-coins\"><\/i>\t\t\t\t<\/span>\n\t\t\t<\/div>\n\t\t\t\n\t\t\t\t\t\t<div class=\"elementor-icon-box-content\">\n\n\t\t\t\t\t\t\t\t\t<h3 class=\"elementor-icon-box-title\">\n\t\t\t\t\t\t<span  >\n\t\t\t\t\t\t\tPUNKTY\t\t\t\t\t\t<\/span>\n\t\t\t\t\t<\/h3>\n\t\t\t\t\n\t\t\t\t\t\t\t\t\t<p class=\"elementor-icon-box-description\">\n\t\t\t\t\t\tZA KA\u017bDY ZAKUP OTRZUMUJESZ PUNKTY KT\u00d3RE P\u00d3\u017bNIEJ WYMIENIASZ NA RABATY!\u200b\t\t\t\t\t<\/p>\n\t\t\t\t\n\t\t\t<\/div>\n\t\t\t\n\t\t<\/div>\n\t\t\t\t\t\t<\/div>\n\t\t\t\t<\/div>\n\t\t\t\t\t<\/div>\n\t\t<\/div>\n\t\t\t\t<div class=\"elementor-column elementor-col-25 elementor-top-column elementor-element elementor-element-0b2a585\" data-id=\"0b2a585\" data-element_type=\"column\" data-e-type=\"column\">\n\t\t\t<div class=\"elementor-widget-wrap elementor-element-populated\">\n\t\t\t\t\t\t<div class=\"elementor-element elementor-element-a903670 elementor-view-default elementor-position-block-start elementor-mobile-position-block-start elementor-widget elementor-widget-icon-box\" data-id=\"a903670\" data-element_type=\"widget\" data-e-type=\"widget\" data-widget_type=\"icon-box.default\">\n\t\t\t\t<div class=\"elementor-widget-container\">\n\t\t\t\t\t\t\t<div class=\"elementor-icon-box-wrapper\">\n\n\t\t\t\t\t\t<div class=\"elementor-icon-box-icon\">\n\t\t\t\t<span  class=\"elementor-icon\">\n\t\t\t\t<i aria-hidden=\"true\" class=\"fab fa-html5\"><\/i>\t\t\t\t<\/span>\n\t\t\t<\/div>\n\t\t\t\n\t\t\t\t\t\t<div class=\"elementor-icon-box-content\">\n\n\t\t\t\t\t\t\t\t\t<h3 class=\"elementor-icon-box-title\">\n\t\t\t\t\t\t<span  >\n\t\t\t\t\t\t\t5 PKT NA START\t\t\t\t\t\t<\/span>\n\t\t\t\t\t<\/h3>\n\t\t\t\t\n\t\t\t\t\t\t\t\t\t<p class=\"elementor-icon-box-description\">\n\t\t\t\t\t\t5 PKT NA START PRZY ZAREJESTROWANIU SI\u0118 \t\t\t\t\t<\/p>\n\t\t\t\t\n\t\t\t<\/div>\n\t\t\t\n\t\t<\/div>\n\t\t\t\t\t\t<\/div>\n\t\t\t\t<\/div>\n\t\t\t\t\t<\/div>\n\t\t<\/div>\n\t\t\t\t<div class=\"elementor-column elementor-col-25 elementor-top-column elementor-element elementor-element-f21e301\" data-id=\"f21e301\" data-element_type=\"column\" data-e-type=\"column\">\n\t\t\t<div class=\"elementor-widget-wrap elementor-element-populated\">\n\t\t\t\t\t\t<div class=\"elementor-element elementor-element-c1828e1 elementor-view-default elementor-position-block-start elementor-mobile-position-block-start elementor-widget elementor-widget-icon-box\" data-id=\"c1828e1\" data-element_type=\"widget\" data-e-type=\"widget\" data-widget_type=\"icon-box.default\">\n\t\t\t\t<div class=\"elementor-widget-container\">\n\t\t\t\t\t\t\t<div class=\"elementor-icon-box-wrapper\">\n\n\t\t\t\t\t\t<div class=\"elementor-icon-box-icon\">\n\t\t\t\t<span  class=\"elementor-icon\">\n\t\t\t\t<i aria-hidden=\"true\" class=\"far fa-user\"><\/i>\t\t\t\t<\/span>\n\t\t\t<\/div>\n\t\t\t\n\t\t\t\t\t\t<div class=\"elementor-icon-box-content\">\n\n\t\t\t\t\t\t\t\t\t<h3 class=\"elementor-icon-box-title\">\n\t\t\t\t\t\t<span  >\n\t\t\t\t\t\t\tKONTO Z PUNKTAMI\t\t\t\t\t\t<\/span>\n\t\t\t\t\t<\/h3>\n\t\t\t\t\n\t\t\t\t\t\t\t\t\t<p class=\"elementor-icon-box-description\">\n\t\t\t\t\t\tOTRZYMUJESZ KONTO I WGL\u0104D DO SW\u00d3ICH PUNKT\u00d3W.\t\t\t\t\t<\/p>\n\t\t\t\t\n\t\t\t<\/div>\n\t\t\t\n\t\t<\/div>\n\t\t\t\t\t\t<\/div>\n\t\t\t\t<\/div>\n\t\t\t\t\t<\/div>\n\t\t<\/div>\n\t\t\t\t<div class=\"elementor-column elementor-col-25 elementor-top-column elementor-element elementor-element-7b1d09a\" data-id=\"7b1d09a\" data-element_type=\"column\" data-e-type=\"column\">\n\t\t\t<div class=\"elementor-widget-wrap elementor-element-populated\">\n\t\t\t\t\t\t<div class=\"elementor-element elementor-element-bbff3a6 elementor-view-default elementor-position-block-start elementor-mobile-position-block-start elementor-widget elementor-widget-icon-box\" data-id=\"bbff3a6\" data-element_type=\"widget\" data-e-type=\"widget\" data-widget_type=\"icon-box.default\">\n\t\t\t\t<div class=\"elementor-widget-container\">\n\t\t\t\t\t\t\t<div class=\"elementor-icon-box-wrapper\">\n\n\t\t\t\t\t\t<div class=\"elementor-icon-box-icon\">\n\t\t\t\t<span  class=\"elementor-icon\">\n\t\t\t\t<i aria-hidden=\"true\" class=\"far fa-gem\"><\/i>\t\t\t\t<\/span>\n\t\t\t<\/div>\n\t\t\t\n\t\t\t\t\t\t<div class=\"elementor-icon-box-content\">\n\n\t\t\t\t\t\t\t\t\t<h3 class=\"elementor-icon-box-title\">\n\t\t\t\t\t\t<span  >\n\t\t\t\t\t\t\tNAGRODY\t\t\t\t\t\t<\/span>\n\t\t\t\t\t<\/h3>\n\t\t\t\t\n\t\t\t\t\t\t\t\t\t<p class=\"elementor-icon-box-description\">\n\t\t\t\t\t\tMO\u017bLIWO\u015a\u0106 WYGRANIA PUNKT\u00d3W\t\t\t\t\t<\/p>\n\t\t\t\t\n\t\t\t<\/div>\n\t\t\t\n\t\t<\/div>\n\t\t\t\t\t\t<\/div>\n\t\t\t\t<\/div>\n\t\t\t\t\t<\/div>\n\t\t<\/div>\n\t\t\t\t\t<\/div>\n\t\t<\/section>\n\t\t\t\t<section class=\"elementor-section elementor-top-section elementor-element elementor-element-6d8e6e3 elementor-section-boxed elementor-section-height-default elementor-section-height-default\" data-id=\"6d8e6e3\" data-element_type=\"section\" data-e-type=\"section\">\n\t\t\t\t\t\t<div class=\"elementor-container elementor-column-gap-default\">\n\t\t\t\t\t<div class=\"elementor-column elementor-col-100 elementor-top-column elementor-element elementor-element-2be691b\" data-id=\"2be691b\" data-element_type=\"column\" data-e-type=\"column\">\n\t\t\t<div class=\"elementor-widget-wrap elementor-element-populated\">\n\t\t\t\t\t\t<div class=\"elementor-element elementor-element-f94a1ec elementor-widget elementor-widget-spacer\" data-id=\"f94a1ec\" data-element_type=\"widget\" data-e-type=\"widget\" data-widget_type=\"spacer.default\">\n\t\t\t\t<div class=\"elementor-widget-container\">\n\t\t\t\t\t\t\t<div class=\"elementor-spacer\">\n\t\t\t<div class=\"elementor-spacer-inner\"><\/div>\n\t\t<\/div>\n\t\t\t\t\t\t<\/div>\n\t\t\t\t<\/div>\n\t\t\t\t<div class=\"elementor-element elementor-element-a39aba2 elementor-align-center elementor-widget elementor-widget-button\" data-id=\"a39aba2\" data-element_type=\"widget\" data-e-type=\"widget\" data-widget_type=\"button.default\">\n\t\t\t\t<div class=\"elementor-widget-container\">\n\t\t\t\t\t\t\t\t\t<div class=\"elementor-button-wrapper\">\n\t\t\t\t\t<a class=\"elementor-button elementor-button-link elementor-size-lg\" href=\"https:\/\/modowoo.com\/en\/moje-konto-2\/\">\n\t\t\t\t\t\t<span class=\"elementor-button-content-wrapper\">\n\t\t\t\t\t\t\t\t\t<span class=\"elementor-button-text\">DO\u0141\u0104CZ TERAZ<\/span>\n\t\t\t\t\t<\/span>\n\t\t\t\t\t<\/a>\n\t\t\t\t<\/div>\n\t\t\t\t\t\t\t\t<\/div>\n\t\t\t\t<\/div>\n\t\t\t\t\t<\/div>\n\t\t<\/div>\n\t\t\t\t\t<\/div>\n\t\t<\/section>\n\t\t\t\t<\/div>","protected":false},"excerpt":{"rendered":"<p>DO\u0141\u0104CZ DO PROGRAMU LOJALNO\u015aCIOWEGO MODOWOO DO\u0141\u0104CZ DO PROGRAMU LOJALNO\u015aCIOWEGO MODOWOO CO ZYSKASZ? PUNKTY ZA KA\u017bDY ZAKUP OTRZUMUJESZ PUNKTY KT\u00d3RE P\u00d3\u017bNIEJ WYMIENIASZ NA RABATY!\u200b 5 PKT NA START 5 PKT NA START PRZY ZAREJESTROWANIU SI\u0118 KONTO Z PUNKTAMI OTRZYMUJESZ KONTO I WGL\u0104D DO SW\u00d3ICH PUNKT\u00d3W. NAGRODY MO\u017bLIWO\u015a\u0106 WYGRANIA PUNKT\u00d3W DO\u0141\u0104CZ TERAZ<\/p>","protected":false},"author":225630293,"featured_media":0,"parent":0,"menu_order":0,"comment_status":"closed","ping_status":"closed","template":"","meta":{"_crdt_document":"","site-sidebar-layout":"no-sidebar","site-content-layout":"page-builder","ast-site-content-layout":"","site-content-style":"default","site-sidebar-style":"default","ast-global-header-display":"","ast-banner-title-visibility":"","ast-main-header-display":"","ast-hfb-above-header-display":"","ast-hfb-below-header-display":"","ast-hfb-mobile-header-display":"","site-post-title":"disabled","ast-breadcrumbs-content":"","ast-featured-img":"disabled","footer-sml-layout":"","theme-transparent-header-meta":"","adv-header-id-meta":"","stick-header-meta":"","header-above-stick-meta":"","header-main-stick-meta":"","header-below-stick-meta":"","astra-migrate-meta-layouts":"default","ast-page-background-enabled":"default","ast-page-background-meta":{"desktop":{"background-color":"var(--ast-global-color-4)","background-image":"","background-repeat":"repeat","background-position":"center center","background-size":"auto","background-attachment":"scroll","background-type":"","background-media":"","overlay-type":"","overlay-color":"","overlay-gradient":""},"tablet":{"background-color":"","background-image":"","background-repeat":"repeat","background-position":"center center","background-size":"auto","background-attachment":"scroll","background-type":"","background-media":"","overlay-type":"","overlay-color":"","overlay-gradient":""},"mobile":{"background-color":"","background-image":"","background-repeat":"repeat","background-position":"center center","background-size":"auto","background-attachment":"scroll","background-type":"","background-media":"","overlay-type":"","overlay-color":"","overlay-gradient":""}},"ast-content-background-meta":{"desktop":{"background-color":"var(--ast-global-color-5)","background-image":"","background-repeat":"repeat","background-position":"center center","background-size":"auto","background-attachment":"scroll","background-type":"","background-media":"","overlay-type":"","overlay-color":"","overlay-gradient":""},"tablet":{"background-color":"var(--ast-global-color-5)","background-image":"","background-repeat":"repeat","background-position":"center center","background-size":"auto","background-attachment":"scroll","background-type":"","background-media":"","overlay-type":"","overlay-color":"","overlay-gradient":""},"mobile":{"background-color":"var(--ast-global-color-5)","background-image":"","background-repeat":"repeat","background-position":"center center","background-size":"auto","background-attachment":"scroll","background-type":"","background-media":"","overlay-type":"","overlay-color":"","overlay-gradient":""}},"advanced_seo_description":"","jetpack_seo_html_title":"","jetpack_seo_noindex":false,"footnotes":""},"class_list":["post-930","page","type-page","status-publish","hentry"],"jetpack_likes_enabled":true,"jetpack_sharing_enabled":true,"jetpack_shortlink":"https:\/\/wp.me\/Pee84A-f0","jetpack-related-posts":[{"id":124,"url":"https:\/\/modowoo.com\/en\/moje-ulubione\/","url_meta":{"origin":930,"position":0},"title":"Moje ulubione","author":"paula1993ck","date":"27 January 2023","format":false,"excerpt":"","rel":"","context":"Similar post","block_context":{"text":"Similar post","link":""},"img":{"alt_text":"","src":"","width":0,"height":0},"classes":[]},{"id":12,"url":"https:\/\/modowoo.com\/en\/","url_meta":{"origin":930,"position":1},"title":"Strona g\u0142\u00f3wna","author":"paula1993ck","date":"26 January 2023","format":false,"excerpt":"BESTSELLERY Dodaj do koszyka Komplet Primo z\u0142\u00a0219.90 Wybierz opcje Kombinezon Modeluj\u0105cy Black z\u0142\u00a0109.90 Wybierz opcje Komplet Manhattan Black z\u0142\u00a0199.90 Dodaj do koszyka Komplet Welurowy Black z\u0142\u00a0159.90 Powiadom o dost\u0119pno\u015bci Dowiedz si\u0119 wi\u0119cej Komplet Welurowy Be\u017c z\u0142\u00a0159.90 Wybierz opcje Komplet Bario Szary z\u0142\u00a085.00 \u2013 z\u0142\u00a0198.90 WSZYSTKIE PRODUKTY Dodaj do ulubionych Komplet\u2026","rel":"","context":"Similar post","block_context":{"text":"Similar post","link":""},"img":{"alt_text":"","src":"https:\/\/i0.wp.com\/modowoo.com\/wp-content\/uploads\/2023\/08\/IMG-3235-900x1200.jpg?resize=350%2C200&ssl=1","width":350,"height":200,"srcset":"https:\/\/i0.wp.com\/modowoo.com\/wp-content\/uploads\/2023\/08\/IMG-3235-900x1200.jpg?resize=350%2C200&ssl=1 1x, https:\/\/i0.wp.com\/modowoo.com\/wp-content\/uploads\/2023\/08\/IMG-3235-900x1200.jpg?resize=525%2C300&ssl=1 1.5x, https:\/\/i0.wp.com\/modowoo.com\/wp-content\/uploads\/2023\/08\/IMG-3235-900x1200.jpg?resize=700%2C400&ssl=1 2x"},"classes":[]},{"id":434,"url":"https:\/\/modowoo.com\/en\/polityka-prywatnosci\/","url_meta":{"origin":930,"position":2},"title":"Polityka prywatno\u015bci","author":"paula1993ck","date":"29 January 2023","format":false,"excerpt":"Polityka prywatno\u015bciPolityka COOKIES1. Administratorem danych osobowych jest Paulina Wieczorek Handel z siedzib\u0105 woj. \u015aWI\u0118TOKRZYSKIE, 25-526 Kielce, ulica Stefana Okrzei 62d\/3, NIP 95920268762. Wszelkie dane osobowe przetwarzane s\u0105 przez Administratora zgodnie z przepisami powszechnie obowi\u0105zuj\u0105cego prawa, w szczeg\u00f3lno\u015bci z przepisami rozporz\u0105dzenia Parlamentu Europejskiego i Rady (UE) 2016\/679 z dnia 27 kwietnia\u2026","rel":"","context":"Similar post","block_context":{"text":"Similar post","link":""},"img":{"alt_text":"","src":"","width":0,"height":0},"classes":[]},{"id":729,"url":"https:\/\/modowoo.com\/en\/garnitury\/","url_meta":{"origin":930,"position":3},"title":"Garnitury","author":"paula1993ck","date":"31 January 2023","format":false,"excerpt":"Dodaj do ulubionych Garnitur 259.90\u00a0z\u0142","rel":"","context":"Similar post","block_context":{"text":"Similar post","link":""},"img":{"alt_text":"","src":"https:\/\/i0.wp.com\/modowoo.com\/wp-content\/uploads\/2023\/01\/IMG-7318-1-900x1200.jpg?resize=350%2C200&ssl=1","width":350,"height":200,"srcset":"https:\/\/i0.wp.com\/modowoo.com\/wp-content\/uploads\/2023\/01\/IMG-7318-1-900x1200.jpg?resize=350%2C200&ssl=1 1x, https:\/\/i0.wp.com\/modowoo.com\/wp-content\/uploads\/2023\/01\/IMG-7318-1-900x1200.jpg?resize=525%2C300&ssl=1 1.5x, https:\/\/i0.wp.com\/modowoo.com\/wp-content\/uploads\/2023\/01\/IMG-7318-1-900x1200.jpg?resize=700%2C400&ssl=1 2x"},"classes":[]},{"id":274,"url":"https:\/\/modowoo.com\/en\/bluzki\/","url_meta":{"origin":930,"position":4},"title":"Bluzki","author":"paula1993ck","date":"27 January 2023","format":false,"excerpt":"Dodaj do ulubionych Body Welurowe 95.00\u00a0z\u0142 Dodaj do ulubionych Body Welurowe 95.00\u00a0z\u0142 Dodaj do ulubionych Bluza Welur Be\u017c 89.90\u00a0z\u0142 Dodaj do ulubionych Body z Pi\u00f3rami White 89.90\u00a0z\u0142 Dodaj do ulubionych Body z Pi\u00f3rami Black 89.90\u00a0z\u0142 Dodaj do ulubionych Bluzka Over White 99.90\u00a0z\u0142","rel":"","context":"Similar post","block_context":{"text":"Similar post","link":""},"img":{"alt_text":"","src":"https:\/\/i0.wp.com\/modowoo.com\/wp-content\/uploads\/2023\/01\/image1-30-900x1200.jpeg?resize=350%2C200&ssl=1","width":350,"height":200,"srcset":"https:\/\/i0.wp.com\/modowoo.com\/wp-content\/uploads\/2023\/01\/image1-30-900x1200.jpeg?resize=350%2C200&ssl=1 1x, https:\/\/i0.wp.com\/modowoo.com\/wp-content\/uploads\/2023\/01\/image1-30-900x1200.jpeg?resize=525%2C300&ssl=1 1.5x, https:\/\/i0.wp.com\/modowoo.com\/wp-content\/uploads\/2023\/01\/image1-30-900x1200.jpeg?resize=700%2C400&ssl=1 2x"},"classes":[]},{"id":571,"url":"https:\/\/modowoo.com\/en\/spodnie\/","url_meta":{"origin":930,"position":5},"title":"Spodnie","author":"paula1993ck","date":"30 January 2023","format":false,"excerpt":"Dodaj do ulubionych Spodnie Jeans Motylki 119.90\u00a0z\u0142 Dodaj do ulubionych Spodnie Jeans Serduszka 119.90\u00a0z\u0142 Dodaj do ulubionych Spodnie Jeans Przetarcia 109.90\u00a0z\u0142 Dodaj do ulubionych Spodnie Ciemny Jeans 109.90\u00a0z\u0142 Dodaj do ulubionych Spodnie MSara 99.90\u00a0z\u0142","rel":"","context":"Similar post","block_context":{"text":"Similar post","link":""},"img":{"alt_text":"","src":"https:\/\/i0.wp.com\/modowoo.com\/wp-content\/uploads\/2023\/01\/IMG-7188-900x1200.jpg?resize=350%2C200&ssl=1","width":350,"height":200,"srcset":"https:\/\/i0.wp.com\/modowoo.com\/wp-content\/uploads\/2023\/01\/IMG-7188-900x1200.jpg?resize=350%2C200&ssl=1 1x, https:\/\/i0.wp.com\/modowoo.com\/wp-content\/uploads\/2023\/01\/IMG-7188-900x1200.jpg?resize=525%2C300&ssl=1 1.5x, https:\/\/i0.wp.com\/modowoo.com\/wp-content\/uploads\/2023\/01\/IMG-7188-900x1200.jpg?resize=700%2C400&ssl=1 2x"},"classes":[]}],"_links":{"self":[{"href":"https:\/\/modowoo.com\/en\/wp-json\/wp\/v2\/pages\/930","targetHints":{"allow":["GET"]}}],"collection":[{"href":"https:\/\/modowoo.com\/en\/wp-json\/wp\/v2\/pages"}],"about":[{"href":"https:\/\/modowoo.com\/en\/wp-json\/wp\/v2\/types\/page"}],"author":[{"embeddable":true,"href":"https:\/\/modowoo.com\/en\/wp-json\/wp\/v2\/users\/225630293"}],"replies":[{"embeddable":true,"href":"https:\/\/modowoo.com\/en\/wp-json\/wp\/v2\/comments?post=930"}],"version-history":[{"count":17,"href":"https:\/\/modowoo.com\/en\/wp-json\/wp\/v2\/pages\/930\/revisions"}],"predecessor-version":[{"id":987,"href":"https:\/\/modowoo.com\/en\/wp-json\/wp\/v2\/pages\/930\/revisions\/987"}],"wp:attachment":[{"href":"https:\/\/modowoo.com\/en\/wp-json\/wp\/v2\/media?parent=930"}],"curies":[{"name":"wp","href":"https:\/\/api.w.org\/{rel}","templated":true}]}}