{"id":274,"date":"2023-01-27T13:20:47","date_gmt":"2023-01-27T12:20:47","guid":{"rendered":"https:\/\/modowoo.com\/?page_id=274"},"modified":"2023-01-31T21:28:43","modified_gmt":"2023-01-31T20:28:43","slug":"bluzki","status":"publish","type":"page","link":"https:\/\/modowoo.com\/en\/bluzki\/","title":{"rendered":"Bluzki"},"content":{"rendered":"<div data-elementor-type=\"wp-page\" data-elementor-id=\"274\" class=\"elementor elementor-274\" data-elementor-post-type=\"page\">\n\t\t\t\t\t\t<section class=\"elementor-section elementor-top-section elementor-element elementor-element-43dae10 elementor-section-full_width elementor-section-content-space-around elementor-section-stretched elementor-section-height-default elementor-section-height-default\" data-id=\"43dae10\" data-element_type=\"section\" data-e-type=\"section\" data-settings=\"{&quot;stretch_section&quot;:&quot;section-stretched&quot;}\">\n\t\t\t\t\t\t<div class=\"elementor-container elementor-column-gap-no\">\n\t\t\t\t\t<div class=\"elementor-column elementor-col-100 elementor-top-column elementor-element elementor-element-c97e786\" data-id=\"c97e786\" data-element_type=\"column\" data-e-type=\"column\">\n\t\t\t<div class=\"elementor-widget-wrap elementor-element-populated\">\n\t\t\t\t\t\t<div class=\"elementor-element elementor-element-2acc894 elementor-widget elementor-widget-spacer\" data-id=\"2acc894\" data-element_type=\"widget\" data-e-type=\"widget\" data-widget_type=\"spacer.default\">\n\t\t\t\t<div class=\"elementor-widget-container\">\n\t\t\t\t\t\t\t<div class=\"elementor-spacer\">\n\t\t\t<div class=\"elementor-spacer-inner\"><\/div>\n\t\t<\/div>\n\t\t\t\t\t\t<\/div>\n\t\t\t\t<\/div>\n\t\t\t\t<div class=\"elementor-element elementor-element-2097658 eael-product-grid-column-4 elementor-widget elementor-widget-eicon-woocommerce\" data-id=\"2097658\" data-element_type=\"widget\" data-e-type=\"widget\" data-widget_type=\"eicon-woocommerce.default\">\n\t\t\t\t<div class=\"elementor-widget-container\">\n\t\t\t\t\t\n        <div class=\"eael-product-grid eael-product-preset-6 grid\" id=\"eael-product-grid\" data-widget-id=\"2097658\" data-page-id=\"274\" data-nonce=\"e874abb41b\" >\n            <div class=\"woocommerce\">\n                <ul class=\"products eael-post-appender eael-post-appender-2097658\" data-ssi-desktop=\"no\" data-ssi-tablet=\"\" data-ssi-mobile=\"\" data-layout-mode=\"grid\">    <li class=\"product  post-10992 type-product status-publish has-post-thumbnail product_cat-bluzki desktop-align-center tablet-align-left mobile-align-left first instock shipping-taxable purchasable product-type-simple\">\n                <div class=\"eael-product-wrap\" data-src=\"\" data-src-hover=\"\">\n            <div class=\"product-image-wrap\">\n                <div class=\"image-wrap\">\n                    <a href=\"https:\/\/modowoo.com\/en\/product\/bluzka-bianka\/\" class=\"woocommerce-LoopProduct-link woocommerce-loop-product__link\"><img fetchpriority=\"high\" decoding=\"async\" width=\"900\" height=\"1200\" src=\"https:\/\/i0.wp.com\/modowoo.com\/wp-content\/uploads\/2024\/02\/IMG_7739.jpg?resize=900%2C1200&amp;ssl=1\" class=\"attachment-newspack-article-block-portrait-large size-newspack-article-block-portrait-large\" alt=\"Bluzka Bianka\" loading=\"eager\" srcset=\"https:\/\/i0.wp.com\/modowoo.com\/wp-content\/uploads\/2024\/02\/IMG_7739.jpg?resize=9%2C12&amp;ssl=1 9w, https:\/\/i0.wp.com\/modowoo.com\/wp-content\/uploads\/2024\/02\/IMG_7739.jpg?resize=900%2C1200&amp;ssl=1 900w, https:\/\/i0.wp.com\/modowoo.com\/wp-content\/uploads\/2024\/02\/IMG_7739.jpg?resize=600%2C800&amp;ssl=1 600w, https:\/\/i0.wp.com\/modowoo.com\/wp-content\/uploads\/2024\/02\/IMG_7739.jpg?resize=450%2C600&amp;ssl=1 450w, https:\/\/i0.wp.com\/modowoo.com\/wp-content\/uploads\/2024\/02\/IMG_7739.jpg?resize=300%2C400&amp;ssl=1 300w, https:\/\/i0.wp.com\/modowoo.com\/wp-content\/uploads\/2024\/02\/IMG_7739.jpg?resize=150%2C200&amp;ssl=1 150w, https:\/\/i0.wp.com\/modowoo.com\/wp-content\/uploads\/2024\/02\/IMG_7739.jpg?zoom=2&amp;resize=900%2C1200&amp;ssl=1 1800w, https:\/\/i0.wp.com\/modowoo.com\/wp-content\/uploads\/2024\/02\/IMG_7739.jpg?zoom=3&amp;resize=900%2C1200&amp;ssl=1 2700w\" sizes=\"(max-width: 900px) 100vw, 900px\" data-attachment-id=\"10996\" data-permalink=\"https:\/\/modowoo.com\/en\/?attachment_id=10996\" data-orig-file=\"https:\/\/i0.wp.com\/modowoo.com\/wp-content\/uploads\/2024\/02\/IMG_7739.jpg?fit=2791%2C3906&amp;ssl=1\" data-orig-size=\"2791,3906\" data-comments-opened=\"1\" data-image-meta=\"{&quot;aperture&quot;:&quot;1.8&quot;,&quot;credit&quot;:&quot;&quot;,&quot;camera&quot;:&quot;iPhone 11 Pro Max&quot;,&quot;caption&quot;:&quot;&quot;,&quot;created_timestamp&quot;:&quot;0&quot;,&quot;copyright&quot;:&quot;&quot;,&quot;focal_length&quot;:&quot;4.25&quot;,&quot;iso&quot;:&quot;80&quot;,&quot;shutter_speed&quot;:&quot;0.01&quot;,&quot;title&quot;:&quot;&quot;,&quot;orientation&quot;:&quot;1&quot;}\" data-image-title=\"\" data-image-description=\"\" data-image-caption=\"\" data-large-file=\"https:\/\/i0.wp.com\/modowoo.com\/wp-content\/uploads\/2024\/02\/IMG_7739.jpg?fit=732%2C1024&amp;ssl=1\" \/><\/a>                <\/div>\n                <div class=\"image-hover-wrap\">\n                    <ul class=\"icons-wrap box-style\">\n                        <li class=\"add-to-cart\"><a href=\"\/en\/wp-json\/wp\/v2\/pages\/274?add-to-cart=10992\" aria-describedby=\"woocommerce_loop_add_to_cart_link_describedby_10992\" data-quantity=\"1\" class=\"button product_type_simple add_to_cart_button ajax_add_to_cart\" data-product_id=\"10992\" data-product_sku=\"3200\" aria-label=\"Dodaj do koszyka: \u201eBluzka Bianka\u201d\" rel=\"nofollow\" data-success_message=\"\u201cBluzka Bianka\u201d has been added to your cart\" role=\"button\" data-no-translation-aria-label=\"\" data-no-translation-data-success_message=\"\"><\/a>\t<span id=\"woocommerce_loop_add_to_cart_link_describedby_10992\" class=\"screen-reader-text\">\n\t\t\t<\/span>\n<\/li>\n                                                <li class=\"add-to-whishlist\">\n<div\n\tclass=\"yith-wcwl-add-to-wishlist add-to-wishlist-10992 yith-wcwl-add-to-wishlist--link-style wishlist-fragment on-first-load\"\n\tdata-fragment-ref=\"10992\"\n\tdata-fragment-options=\"{&quot;base_url&quot;:&quot;&quot;,&quot;product_id&quot;:10992,&quot;parent_product_id&quot;:0,&quot;product_type&quot;:&quot;simple&quot;,&quot;is_single&quot;:false,&quot;in_default_wishlist&quot;:false,&quot;show_view&quot;:false,&quot;browse_wishlist_text&quot;:&quot;Przegl\\u0105daj swoje ulubione&quot;,&quot;already_in_wishslist_text&quot;:&quot;Produkt jest ju\\u017c na Twojej li\\u015bcie ulubionych.&quot;,&quot;product_added_text&quot;:&quot;Produkt dodany!&quot;,&quot;available_multi_wishlist&quot;:false,&quot;disable_wishlist&quot;:false,&quot;show_count&quot;:false,&quot;ajax_loading&quot;:false,&quot;loop_position&quot;:&quot;after_add_to_cart&quot;,&quot;item&quot;:&quot;add_to_wishlist&quot;}\"\n>\n\t\t\t\n\t\t\t<!-- ADD TO WISHLIST -->\n\t\t\t\n<div class=\"yith-wcwl-add-button\">\n\t\t<a\n\t\thref=\"?add_to_wishlist=10992&#038;_wpnonce=830cb3dc6f\"\n\t\tclass=\"add_to_wishlist single_add_to_wishlist\"\n\t\tdata-product-id=\"10992\"\n\t\tdata-product-type=\"simple\"\n\t\tdata-original-product-id=\"0\"\n\t\tdata-title=\"Dodaj do ulubionych\"\n\t\trel=\"nofollow\"\n\t>\n\t\t<svg id=\"yith-wcwl-icon-heart-outline\" class=\"yith-wcwl-icon-svg\" fill=\"none\" stroke-width=\"1.5\" stroke=\"currentColor\" viewbox=\"0 0 24 24\" xmlns=\"http:\/\/www.w3.org\/2000\/svg\">\n  <path stroke-linecap=\"round\" stroke-linejoin=\"round\" d=\"M21 8.25c0-2.485-2.099-4.5-4.688-4.5-1.935 0-3.597 1.126-4.312 2.733-.715-1.607-2.377-2.733-4.313-2.733C5.1 3.75 3 5.765 3 8.25c0 7.22 9 12 9 12s9-4.78 9-12Z\"><\/path>\n<\/svg>\t\t<span>Dodaj do ulubionych<\/span>\n\t<\/a>\n<\/div>\n\n\t\t\t<!-- COUNT TEXT -->\n\t\t\t\n\t\t\t<\/div>\n<\/li>                                                    <li class=\"eael-product-quick-view\">\n                                <a id=\"eael_quick_view_69e6a8cfb4e14\" data-quickview-setting=\"{&quot;widget_id&quot;:&quot;2097658&quot;,&quot;product_id&quot;:10992,&quot;page_id&quot;:274}\"\n                                    class=\"eael-product-grid-open-popup open-popup-link\">\n                                    <i class=\"fas fa-eye\"><\/i>\n                                <\/a>\n                            <\/li>\n\n                                                <li class=\"view-details\" title=\"Details\"><a href=\"https:\/\/modowoo.com\/en\/product\/bluzka-bianka\/\"><i class=\"fas fa-link\"><\/i><\/a><\/li>\n                    <\/ul>\n                <\/div>\n            <\/div>\n            <div class=\"product-details-wrap\">\n                                <div class=\"eael-product-title\">\n                    <a href=\"https:\/\/modowoo.com\/en\/product\/bluzka-bianka\/\" class=\"woocommerce-LoopProduct-link woocommerce-loop-product__link\"><h2>Bluzka Bianka<\/h2><\/a>                                    <\/div>\n                <div class=\"eael-product-price\"><span class=\"woocs_price_code\" data-currency=\"\" data-redraw-id=\"69e6a8cfb50df\"  data-product-id=\"10992\"><span class=\"woocommerce-Price-amount amount\"><bdi><span class=\"woocommerce-Price-currencySymbol\">&#122;&#322;<\/span>&nbsp;69.90<\/bdi><\/span><\/span><\/div>            <\/div>\n        <\/div>\n            <\/li>\n    <\/ul>            <\/div>\n        <\/div>\n\n        <script type=\"text\/javascript\">\n            jQuery(document).ready(function($) {\n                var $scope = jQuery(\".elementor-element-2097658\");\n                var $products = $('.products', $scope);\n                var $layout_mode = $products.data('layout-mode');\n                \n                if ( $layout_mode === 'masonry' ) {\n                    \/\/ init isotope\n                    var $isotope_products = $products.isotope({\n                        itemSelector: \"li.product\",\n                        layoutMode: $layout_mode,\n                        percentPosition: true\n                    });\n\n                    $isotope_products.imagesLoaded().progress( function() {\n                        $isotope_products.isotope('layout');\n                    })\n                    \n                }\n            });\n        <\/script>\n        \t\t\t\t<\/div>\n\t\t\t\t<\/div>\n\t\t\t\t\t<\/div>\n\t\t<\/div>\n\t\t\t\t\t<\/div>\n\t\t<\/section>\n\t\t\t\t<\/div>","protected":false},"excerpt":{"rendered":"<p>Dodaj do ulubionych Body Welurowe 95.00&nbsp;&#122;&#322; Dodaj do ulubionych Body Welurowe 95.00&nbsp;&#122;&#322; Dodaj do ulubionych Bluza Welur Be\u017c 89.90&nbsp;&#122;&#322; Dodaj do ulubionych Body z Pi\u00f3rami White 89.90&nbsp;&#122;&#322; Dodaj do ulubionych Body z Pi\u00f3rami Black 89.90&nbsp;&#122;&#322; Dodaj do ulubionych Bluzka Over White 99.90&nbsp;&#122;&#322;<\/p>","protected":false},"author":225630293,"featured_media":0,"parent":0,"menu_order":0,"comment_status":"closed","ping_status":"closed","template":"","meta":{"_crdt_document":"","site-sidebar-layout":"no-sidebar","site-content-layout":"page-builder","ast-site-content-layout":"","site-content-style":"default","site-sidebar-style":"default","ast-global-header-display":"","ast-banner-title-visibility":"","ast-main-header-display":"","ast-hfb-above-header-display":"","ast-hfb-below-header-display":"","ast-hfb-mobile-header-display":"","site-post-title":"disabled","ast-breadcrumbs-content":"","ast-featured-img":"disabled","footer-sml-layout":"","theme-transparent-header-meta":"","adv-header-id-meta":"","stick-header-meta":"","header-above-stick-meta":"","header-main-stick-meta":"","header-below-stick-meta":"","astra-migrate-meta-layouts":"default","ast-page-background-enabled":"default","ast-page-background-meta":{"desktop":{"background-color":"var(--ast-global-color-4)","background-image":"","background-repeat":"repeat","background-position":"center center","background-size":"auto","background-attachment":"scroll","background-type":"","background-media":"","overlay-type":"","overlay-color":"","overlay-gradient":""},"tablet":{"background-color":"","background-image":"","background-repeat":"repeat","background-position":"center center","background-size":"auto","background-attachment":"scroll","background-type":"","background-media":"","overlay-type":"","overlay-color":"","overlay-gradient":""},"mobile":{"background-color":"","background-image":"","background-repeat":"repeat","background-position":"center center","background-size":"auto","background-attachment":"scroll","background-type":"","background-media":"","overlay-type":"","overlay-color":"","overlay-gradient":""}},"ast-content-background-meta":{"desktop":{"background-color":"var(--ast-global-color-5)","background-image":"","background-repeat":"repeat","background-position":"center center","background-size":"auto","background-attachment":"scroll","background-type":"","background-media":"","overlay-type":"","overlay-color":"","overlay-gradient":""},"tablet":{"background-color":"var(--ast-global-color-5)","background-image":"","background-repeat":"repeat","background-position":"center center","background-size":"auto","background-attachment":"scroll","background-type":"","background-media":"","overlay-type":"","overlay-color":"","overlay-gradient":""},"mobile":{"background-color":"var(--ast-global-color-5)","background-image":"","background-repeat":"repeat","background-position":"center center","background-size":"auto","background-attachment":"scroll","background-type":"","background-media":"","overlay-type":"","overlay-color":"","overlay-gradient":""}},"advanced_seo_description":"","jetpack_seo_html_title":"","jetpack_seo_noindex":false,"footnotes":""},"class_list":["post-274","page","type-page","status-publish","hentry","desktop-align-center","tablet-align-left","mobile-align-left"],"jetpack_likes_enabled":true,"jetpack_sharing_enabled":true,"jetpack_shortlink":"https:\/\/wp.me\/Pee84A-4q","jetpack-related-posts":[{"id":32,"url":"https:\/\/modowoo.com\/en\/bestsellery\/","url_meta":{"origin":274,"position":0},"title":"Bestsellery","author":"paula1993ck","date":"26 January 2023","format":false,"excerpt":"No posts found!","rel":"","context":"Similar post","block_context":{"text":"Similar post","link":""},"img":{"alt_text":"","src":"","width":0,"height":0},"classes":[]},{"id":276,"url":"https:\/\/modowoo.com\/en\/sukienki\/","url_meta":{"origin":274,"position":1},"title":"Sukienki","author":"paula1993ck","date":"27 January 2023","format":false,"excerpt":"Powiadom o dost\u0119pno\u015bci Aktualnie brak Dodaj do ulubionych Sukienka 1 299.00\u00a0z\u0142","rel":"","context":"Similar post","block_context":{"text":"Similar post","link":""},"img":{"alt_text":"","src":"https:\/\/i0.wp.com\/modowoo.com\/wp-content\/uploads\/2023\/01\/92514D16-6880-4FF6-B8FA-C0EBD5CE16A1-900x1200.jpg?resize=350%2C200&ssl=1","width":350,"height":200,"srcset":"https:\/\/i0.wp.com\/modowoo.com\/wp-content\/uploads\/2023\/01\/92514D16-6880-4FF6-B8FA-C0EBD5CE16A1-900x1200.jpg?resize=350%2C200&ssl=1 1x, https:\/\/i0.wp.com\/modowoo.com\/wp-content\/uploads\/2023\/01\/92514D16-6880-4FF6-B8FA-C0EBD5CE16A1-900x1200.jpg?resize=525%2C300&ssl=1 1.5x, https:\/\/i0.wp.com\/modowoo.com\/wp-content\/uploads\/2023\/01\/92514D16-6880-4FF6-B8FA-C0EBD5CE16A1-900x1200.jpg?resize=700%2C400&ssl=1 2x"},"classes":[]},{"id":729,"url":"https:\/\/modowoo.com\/en\/garnitury\/","url_meta":{"origin":274,"position":2},"title":"Garnitury","author":"paula1993ck","date":"31 January 2023","format":false,"excerpt":"Dodaj do ulubionych Garnitur 259.90\u00a0z\u0142","rel":"","context":"Similar post","block_context":{"text":"Similar post","link":""},"img":{"alt_text":"","src":"https:\/\/i0.wp.com\/modowoo.com\/wp-content\/uploads\/2023\/01\/IMG-7318-1-900x1200.jpg?resize=350%2C200&ssl=1","width":350,"height":200,"srcset":"https:\/\/i0.wp.com\/modowoo.com\/wp-content\/uploads\/2023\/01\/IMG-7318-1-900x1200.jpg?resize=350%2C200&ssl=1 1x, https:\/\/i0.wp.com\/modowoo.com\/wp-content\/uploads\/2023\/01\/IMG-7318-1-900x1200.jpg?resize=525%2C300&ssl=1 1.5x, https:\/\/i0.wp.com\/modowoo.com\/wp-content\/uploads\/2023\/01\/IMG-7318-1-900x1200.jpg?resize=700%2C400&ssl=1 2x"},"classes":[]},{"id":571,"url":"https:\/\/modowoo.com\/en\/spodnie\/","url_meta":{"origin":274,"position":3},"title":"Spodnie","author":"paula1993ck","date":"30 January 2023","format":false,"excerpt":"Dodaj do ulubionych Spodnie Jeans Motylki 119.90\u00a0z\u0142 Dodaj do ulubionych Spodnie Jeans Serduszka 119.90\u00a0z\u0142 Dodaj do ulubionych Spodnie Jeans Przetarcia 109.90\u00a0z\u0142 Dodaj do ulubionych Spodnie Ciemny Jeans 109.90\u00a0z\u0142 Dodaj do ulubionych Spodnie MSara 99.90\u00a0z\u0142","rel":"","context":"Similar post","block_context":{"text":"Similar post","link":""},"img":{"alt_text":"","src":"https:\/\/i0.wp.com\/modowoo.com\/wp-content\/uploads\/2023\/01\/IMG-7188-900x1200.jpg?resize=350%2C200&ssl=1","width":350,"height":200,"srcset":"https:\/\/i0.wp.com\/modowoo.com\/wp-content\/uploads\/2023\/01\/IMG-7188-900x1200.jpg?resize=350%2C200&ssl=1 1x, https:\/\/i0.wp.com\/modowoo.com\/wp-content\/uploads\/2023\/01\/IMG-7188-900x1200.jpg?resize=525%2C300&ssl=1 1.5x, https:\/\/i0.wp.com\/modowoo.com\/wp-content\/uploads\/2023\/01\/IMG-7188-900x1200.jpg?resize=700%2C400&ssl=1 2x"},"classes":[]},{"id":501,"url":"https:\/\/modowoo.com\/en\/dresy\/","url_meta":{"origin":274,"position":4},"title":"Dresy","author":"paula1993ck","date":"29 January 2023","format":false,"excerpt":"Dodaj do ulubionych Komplet Aperol z\u0142\u00a0159.90 \u2013 z\u0142\u00a0229.90 Dodaj do ulubionych Komplet 3w1 Celis Szary z\u0142\u00a0249.90 Dodaj do ulubionych Komplet 3w1 Celis z\u0142\u00a0249.90 Dodaj do ulubionych Komplet 3w1 Suwak z\u0142\u00a0214.90 Dodaj do ulubionych Komplet 3w1 Balancia Be\u017c z\u0142\u00a0239.90 Dodaj do ulubionych Komplet Camel z\u0142\u00a0219.90 Dodaj do ulubionych Komplet Kieszonka z\u0142\u00a0169.90\u2026","rel":"","context":"Similar post","block_context":{"text":"Similar post","link":""},"img":{"alt_text":"","src":"https:\/\/i0.wp.com\/modowoo.com\/wp-content\/uploads\/2023\/10\/IMG-7684-900x1200.jpg?resize=350%2C200&ssl=1","width":350,"height":200,"srcset":"https:\/\/i0.wp.com\/modowoo.com\/wp-content\/uploads\/2023\/10\/IMG-7684-900x1200.jpg?resize=350%2C200&ssl=1 1x, https:\/\/i0.wp.com\/modowoo.com\/wp-content\/uploads\/2023\/10\/IMG-7684-900x1200.jpg?resize=525%2C300&ssl=1 1.5x, https:\/\/i0.wp.com\/modowoo.com\/wp-content\/uploads\/2023\/10\/IMG-7684-900x1200.jpg?resize=700%2C400&ssl=1 2x"},"classes":[]},{"id":930,"url":"https:\/\/modowoo.com\/en\/program-lojalnosciowy\/","url_meta":{"origin":274,"position":5},"title":"Program lojalno\u015bciowy","author":"paula1993ck","date":"31 January 2023","format":false,"excerpt":"DO\u0141\u0104CZ DO PROGRAMU LOJALNO\u015aCIOWEGO MODOWOO DO\u0141\u0104CZ DO PROGRAMU LOJALNO\u015aCIOWEGO MODOWOO CO ZYSKASZ? PUNKTY ZA KA\u017bDY ZAKUP OTRZUMUJESZ PUNKTY KT\u00d3RE P\u00d3\u017bNIEJ WYMIENIASZ NA RABATY!\u200b 5 PKT NA START 5 PKT NA START PRZY ZAREJESTROWANIU SI\u0118 KONTO Z PUNKTAMI OTRZYMUJESZ KONTO I WGL\u0104D DO SW\u00d3ICH PUNKT\u00d3W. NAGRODY MO\u017bLIWO\u015a\u0106 WYGRANIA PUNKT\u00d3W DO\u0141\u0104CZ TERAZ","rel":"","context":"Similar post","block_context":{"text":"Similar post","link":""},"img":{"alt_text":"","src":"","width":0,"height":0},"classes":[]}],"_links":{"self":[{"href":"https:\/\/modowoo.com\/en\/wp-json\/wp\/v2\/pages\/274","targetHints":{"allow":["GET"]}}],"collection":[{"href":"https:\/\/modowoo.com\/en\/wp-json\/wp\/v2\/pages"}],"about":[{"href":"https:\/\/modowoo.com\/en\/wp-json\/wp\/v2\/types\/page"}],"author":[{"embeddable":true,"href":"https:\/\/modowoo.com\/en\/wp-json\/wp\/v2\/users\/225630293"}],"replies":[{"embeddable":true,"href":"https:\/\/modowoo.com\/en\/wp-json\/wp\/v2\/comments?post=274"}],"version-history":[{"count":4,"href":"https:\/\/modowoo.com\/en\/wp-json\/wp\/v2\/pages\/274\/revisions"}],"predecessor-version":[{"id":1094,"href":"https:\/\/modowoo.com\/en\/wp-json\/wp\/v2\/pages\/274\/revisions\/1094"}],"wp:attachment":[{"href":"https:\/\/modowoo.com\/en\/wp-json\/wp\/v2\/media?parent=274"}],"curies":[{"name":"wp","href":"https:\/\/api.w.org\/{rel}","templated":true}]}}